{"id":652,"date":"2013-04-24T17:36:28","date_gmt":"2013-04-24T17:36:28","guid":{"rendered":"http:\/\/3clicks.bringthepixel.com\/?page_id=652"},"modified":"2014-05-20T13:07:40","modified_gmt":"2014-05-20T10:07:40","slug":"about-us-page-snippet","status":"publish","type":"page","link":"https:\/\/www.rcg.com.tr\/?page_id=652","title":{"rendered":"Biz Kimiz ?"},"content":{"rendered":"<ul class=\"g1-grid\"><li class=\"g1-column g1-one-half g1-valign-middle\">\n<div id=\"g1-banda-1\" class=\"g1-banda g1-banda--flip \"><div id=\"fluid-wrapper-counter-1\" class=\"g1-fluid-wrapper \" style=\"width:470px;\"><div style=\"padding-bottom:79.787234042553%;\"><ol class=\"g1-banda__items\"><li class=\"g1-banda__before\"><img loading=\"lazy\" decoding=\"async\" src=\"\/wp-content\/uploads\/2013\/04\/bizkimiz1.jpg\" width=\"470\"  height=\"375\"  alt=\"Before\" \/><\/li><li class=\"g1-banda__after\"><img loading=\"lazy\" decoding=\"async\" src=\"\/wp-content\/uploads\/2013\/04\/bizkimiz2.jpg\" width=\"470\"  height=\"375\"  alt=\"After\" \/><\/li><\/ol><div class=\"g1-banda__handle\"><span><\/span><\/div><\/div><\/div><\/div>\n<\/li><!-- -->\n<li class=\"g1-column g1-one-half g1-valign-middle\">\n<h2><strong><span style=\"color: #00abcc;\">rand\u0131man<\/span><span style=\"color: #b2b2b2;\">consulting<\/span><\/strong> hakk\u0131nda<\/h2>\n<hr \/>\n<div id=\"g1-lead-1\" class=\"g1-lead \" >\n<p>1995 y\u0131l\u0131nda Yeminli Mali M\u00fc\u015favirlik \u015firketi olarak kurulmu\u015ftur.1997 y\u0131l\u0131nda Sermaye Piyasas\u0131 Kurulundan Ba\u011f\u0131ms\u0131z Denetim lisans\u0131, 2003 y\u0131l\u0131nda EPDK\u2019ndan Enerji Piyasas\u0131 Ba\u011f\u0131ms\u0131z Denetim lisans\u0131, 2013 y\u0131l\u0131nda Kamu G\u00f6zetimi Kurumu\u2019ndan Ba\u011f\u0131ms\u0131z Denetim Kurulu\u015fu yetkilerini alm\u0131\u015ft\u0131r.<\/p>\n<\/div>\n<\/li><!-- --><\/ul>\n<div id=\"g1-divider-1\" class=\"g1-divider g1-divider--none g1-divider--icon \"><span><i class=\"fa fa-long-arrow-down\"><\/i><\/span><\/div>\n<h2>Geni\u015f ve tecr\u00fcbeli kadromuzla verdi\u011fimiz hizmetler<\/h2>\n<ul class=\"g1-grid\"><li class=\"g1-column g1-one-half g1-valign-top\">\n<ul class=\"g1-grid\"><li class=\"g1-column g1-one-sixth g1-valign-top\">\n<i id=\"icon-1\" class=\"g1-icon g1-icon--solid g1-icon--medium g1-icon--inherit  fa fa-thumbs-up\"><\/i>\n<\/li><!-- -->\n<li class=\"g1-column g1-five-sixth g1-valign-top\">\n<h3>Vergi denetimi ve tam tasdik uygulamas\u0131<\/h3>\n<\/li><!-- --><\/ul>\n<\/li><!-- -->\n<li class=\"g1-column g1-one-half g1-valign-top\">\n<ul class=\"g1-grid\"><li class=\"g1-column g1-one-sixth g1-valign-top\">\n<i id=\"icon-2\" class=\"g1-icon g1-icon--simple g1-icon--medium g1-icon--inherit  fa fa-thumbs-up\"><\/i>\n<\/li><!-- -->\n<li class=\"g1-column g1-five-sixth g1-valign-top\">\n<h3>Katma De\u011fer Vergisi iadesi<\/h3>\n<\/li><!-- --><\/ul>\n<\/li><!-- --><\/ul>\n<span id=\"g1-space-1\" class=\"g1-space \" style=\"height:1.5em;\"><\/span>\n<ul class=\"g1-grid\"><li class=\"g1-column g1-one-half g1-valign-top\">\n<ul class=\"g1-grid\"><li class=\"g1-column g1-one-sixth g1-valign-top\">\n<i id=\"icon-3\" class=\"g1-icon g1-icon--solid g1-icon--medium g1-icon--inherit  fa fa-thumbs-up\"><\/i>\n<\/li><!-- -->\n<li class=\"g1-column g1-five-sixth g1-valign-top\">\n<h3>3568 say\u0131l\u0131 Kanun kapsam\u0131nda di\u011fer b\u00fct\u00fcn tasdik hizmetleri<\/h3>\n<\/li><!-- --><\/ul>\n<\/li><!-- -->\n<li class=\"g1-column g1-one-half g1-valign-top\">\n<ul class=\"g1-grid\"><li class=\"g1-column g1-one-sixth g1-valign-top\">\n<i id=\"icon-4\" class=\"g1-icon g1-icon--simple g1-icon--medium g1-icon--inherit  fa fa-thumbs-up\"><\/i>\n<\/li><!-- -->\n<li class=\"g1-column g1-five-sixth g1-valign-top\">\n<h3>SPK ve EPDK mevzuat\u0131 \u00e7er\u00e7evesinde Ba\u011f\u0131ms\u0131z Denetim<\/h3>\n<\/li><!-- --><\/ul>\n<\/li><!-- --><\/ul>\n<span id=\"g1-space-2\" class=\"g1-space \" style=\"height:1.5em;\"><\/span>\n<ul class=\"g1-grid\"><li class=\"g1-column g1-one-half g1-valign-top\">\n<ul class=\"g1-grid\"><li class=\"g1-column g1-one-sixth g1-valign-top\">\n<i id=\"icon-5\" class=\"g1-icon g1-icon--solid g1-icon--medium g1-icon--inherit  fa fa-thumbs-up\"><\/i>\n<\/li><!-- -->\n<li class=\"g1-column g1-five-sixth g1-valign-top\">\n<h3>Yeni T\u00fcrk Ticaret Kanunu kapsam\u0131nda denet\u00e7ilik ve Ba\u011f\u0131ms\u0131z Denetim<\/h3>\n<\/li><!-- --><\/ul>\n<\/li><!-- -->\n<li class=\"g1-column g1-one-half g1-valign-top\">\n<ul class=\"g1-grid\"><li class=\"g1-column g1-one-sixth g1-valign-top\">\n<i id=\"icon-6\" class=\"g1-icon g1-icon--simple g1-icon--medium g1-icon--inherit  fa fa-thumbs-up\"><\/i>\n<\/li><!-- -->\n<li class=\"g1-column g1-five-sixth g1-valign-top\">\n<h3>Mali tablolar\u0131n UFRS ve TMS standartlar\u0131nda olu\u015fturulmas\u0131<\/h3>\n<\/li><!-- --><\/ul>\n<\/li><!-- --><\/ul>\n<span id=\"g1-space-3\" class=\"g1-space \" style=\"height:1.5em;\"><\/span>\n<ul class=\"g1-grid\"><li class=\"g1-column g1-one-half g1-valign-top\">\n<ul class=\"g1-grid\"><li class=\"g1-column g1-one-sixth g1-valign-top\">\n<i id=\"icon-7\" class=\"g1-icon g1-icon--solid g1-icon--medium g1-icon--inherit  fa fa-thumbs-up\"><\/i>\n<\/li><!-- -->\n<li class=\"g1-column g1-five-sixth g1-valign-top\">\n<h3>Vergi Uyu\u015fmazl\u0131klar\u0131 (Vergi Davalar\u0131) takibi<\/h3>\n<\/li><!-- --><\/ul>\n<\/li><!-- -->\n<li class=\"g1-column g1-one-half g1-valign-top\">\n<ul class=\"g1-grid\"><li class=\"g1-column g1-one-sixth g1-valign-top\">\n<i id=\"icon-8\" class=\"g1-icon g1-icon--simple g1-icon--medium g1-icon--inherit  fa fa-thumbs-up\"><\/i>\n<\/li><!-- -->\n<li class=\"g1-column g1-five-sixth g1-valign-top\">\n<h3>Y\u00f6netim Dan\u0131\u015fmanl\u0131\u011f\u0131<\/h3>\n<\/li><!-- --><\/ul>\n<\/li><!-- --><\/ul>\n<span id=\"g1-space-4\" class=\"g1-space \" style=\"height:1.5em;\"><\/span>\n<ul class=\"g1-grid\"><li class=\"g1-column g1-one-half g1-valign-top\">\n<ul class=\"g1-grid\"><li class=\"g1-column g1-one-sixth g1-valign-top\">\n<i id=\"icon-9\" class=\"g1-icon g1-icon--solid g1-icon--medium g1-icon--inherit  fa fa-thumbs-up\"><\/i>\n<\/li><!-- -->\n<li class=\"g1-column g1-five-sixth g1-valign-top\">\n<h3>\u0130\u00e7 Kontrol ve \u0130\u00e7 Denetim<\/h3>\n<\/li><!-- --><\/ul>\n<\/li><!-- -->\n<li class=\"g1-column g1-one-half g1-valign-top\">\n<ul class=\"g1-grid\"><li class=\"g1-column g1-one-sixth g1-valign-top\">\n<i id=\"icon-10\" class=\"g1-icon g1-icon--simple g1-icon--medium g1-icon--inherit  fa fa-thumbs-up\"><\/i>\n<\/li><!-- -->\n<li class=\"g1-column g1-five-sixth g1-valign-top\">\n<h3>\u0130ste\u011fe ba\u011fl\u0131 \u00f6zel denetim ve revizyon hizmetlerini sunmaktad\u0131r<\/h3>\n<\/li><!-- --><\/ul>\n<\/li><!-- --><\/ul>\n<div id=\"g1-divider-2\" class=\"g1-divider g1-divider--none g1-divider--icon \"><span><i class=\"fa fa-long-arrow-down\"><\/i><\/span><\/div>\n<h2>Bizi Tercih Ettiler<\/h2>\n<ul class=\"g1-grid\"><li class=\"g1-column g1-one-fifth g1-valign-top\">\n<p><img loading=\"lazy\" decoding=\"async\" src=\"\/wp-content\/uploads\/2013\/06\/brand_logo_1_v01.png\" alt=\"brand_logo_1_v01\" width=\"171\" height=\"77\" \/><\/p>\n<\/li><!-- -->\n<li class=\"g1-column g1-one-fifth g1-valign-top\">\n<p><img loading=\"lazy\" decoding=\"async\" src=\"\/wp-content\/uploads\/2013\/06\/brand_logo_2_v01.png\" alt=\"brand_logo_2_v01\" width=\"171\" height=\"77\" \/><\/p>\n<\/li><!-- -->\n<li class=\"g1-column g1-one-fifth g1-valign-top\">\n<p><img loading=\"lazy\" decoding=\"async\" src=\"\/wp-content\/uploads\/2013\/06\/brand_logo_3_v01.png\" alt=\"brand_logo_3_v01\" width=\"171\" height=\"77\" \/><\/p>\n<\/li><!-- -->\n<li class=\"g1-column g1-one-fifth g1-valign-top\">\n<p><img loading=\"lazy\" decoding=\"async\" src=\"\/wp-content\/uploads\/2013\/06\/brand_logo_4_v01.png\" alt=\"brand_logo_4_v01\" width=\"171\" height=\"77\" \/><\/p>\n<\/li><!-- -->\n<li class=\"g1-column g1-one-fifth g1-valign-top\">\n<p><img loading=\"lazy\" decoding=\"async\" src=\"\/wp-content\/uploads\/2013\/06\/brand_logo_5_v01.png\" alt=\"brand_logo_5_v01\" width=\"171\" height=\"77\"\/><\/p>\n<\/li><!-- --><\/ul>\n<ul class=\"g1-grid\"><li class=\"g1-column g1-one-fifth g1-valign-top\">\n<p><img loading=\"lazy\" decoding=\"async\" src=\"\/wp-content\/uploads\/2013\/06\/brand_logo_3_v01.png\" alt=\"brand_logo_3_v01\" width=\"171\" height=\"77\"\/><\/p>\n<\/li><!-- -->\n<li class=\"g1-column g1-one-fifth g1-valign-top\">\n<p><img loading=\"lazy\" decoding=\"async\" src=\"\/wp-content\/uploads\/2013\/06\/brand_logo_3_v01.png\" alt=\"brand_logo_5_v01\" width=\"171\" height=\"77\"\/><\/p>\n<\/li><!-- -->\n<li class=\"g1-column g1-one-fifth g1-valign-top\">\n<p><img loading=\"lazy\" decoding=\"async\" src=\"\/wp-content\/uploads\/2013\/06\/brand_logo_1_v01.png\" alt=\"brand_logo_1_v01\" width=\"171\" height=\"77\"\/><\/p>\n<\/li><!-- -->\n<li class=\"g1-column g1-one-fifth g1-valign-top\">\n<p><img loading=\"lazy\" decoding=\"async\" src=\"\/wp-content\/uploads\/2013\/06\/brand_logo_4_v01.png\" alt=\"brand_logo_4_v01\" width=\"171\" height=\"77\"\/><\/p>\n<\/li><!-- -->\n<li class=\"g1-column g1-one-fifth g1-valign-top\">\n<p><img loading=\"lazy\" decoding=\"async\" src=\"\/wp-content\/uploads\/2013\/06\/brand_logo_2_v01.png\" alt=\"brand_logo_2_v01\" width=\"171\" height=\"77\"\/><\/p>\n<\/li><!-- --><\/ul>\n<div id=\"g1-divider-3\" class=\"g1-divider g1-divider--none g1-divider--icon \"><span><i class=\"fa fa-long-arrow-down\"><\/i><\/span><\/div>\n<div style=\"text-align:center;\">\n<h2>Daha Detayl\u0131 Bilgiye Ula\u015fmak \u0130\u00e7in<\/h2>\n<p><a id=\"g1-button-1\" class=\"g1-button g1-button--big g1-button--solid g1-button--standard \" href=\"http:\/\/www.randiman.com.tr\" >www.randiman.com.tr<\/a> <a id=\"g1-button-2\" class=\"g1-button g1-button--big g1-button--simple g1-button--standard \" href=\"http:\/\/rcg.com.tr\" >www.rcg.com.tr<\/a><\/p>\n<h2>Sorular\u0131n\u0131z \u0130\u00e7in<\/h2>\n<p><a id=\"g1-button-3\" class=\"g1-button g1-button--big g1-button--solid g1-button--standard \" href=\"\" >info@randiman.com.tr<\/a> <a id=\"g1-button-4\" class=\"g1-button g1-button--big g1-button--simple g1-button--standard \" href=\"\" >info@rcg.com.tr<\/a><\/p>\n<\/div>\n","protected":false},"excerpt":{"rendered":"<p>Geni\u015f ve tecr\u00fcbeli kadromuzla verdi\u011fimiz hizmetler Bizi Tercih Ettiler Daha Detayl\u0131 Bilgiye Ula\u015fmak \u0130\u00e7in Sorular\u0131n\u0131z \u0130\u00e7in<\/p>\n","protected":false},"author":1,"featured_media":0,"parent":0,"menu_order":0,"comment_status":"closed","ping_status":"closed","template":"","meta":{"footnotes":""},"class_list":{"0":"post-652","1":"page","2":"type-page","3":"status-publish","5":"g1_relation_tag-r-pages-shortcodes"},"_links":{"self":[{"href":"https:\/\/www.rcg.com.tr\/index.php?rest_route=\/wp\/v2\/pages\/652"}],"collection":[{"href":"https:\/\/www.rcg.com.tr\/index.php?rest_route=\/wp\/v2\/pages"}],"about":[{"href":"https:\/\/www.rcg.com.tr\/index.php?rest_route=\/wp\/v2\/types\/page"}],"author":[{"embeddable":true,"href":"https:\/\/www.rcg.com.tr\/index.php?rest_route=\/wp\/v2\/users\/1"}],"replies":[{"embeddable":true,"href":"https:\/\/www.rcg.com.tr\/index.php?rest_route=%2Fwp%2Fv2%2Fcomments&post=652"}],"version-history":[{"count":22,"href":"https:\/\/www.rcg.com.tr\/index.php?rest_route=\/wp\/v2\/pages\/652\/revisions"}],"predecessor-version":[{"id":2792,"href":"https:\/\/www.rcg.com.tr\/index.php?rest_route=\/wp\/v2\/pages\/652\/revisions\/2792"}],"wp:attachment":[{"href":"https:\/\/www.rcg.com.tr\/index.php?rest_route=%2Fwp%2Fv2%2Fmedia&parent=652"}],"curies":[{"name":"wp","href":"https:\/\/api.w.org\/{rel}","templated":true}]}}