{"id":631,"date":"2013-04-22T10:05:30","date_gmt":"2013-04-22T10:05:30","guid":{"rendered":"http:\/\/3clicks.bringthepixel.com\/?page_id=631"},"modified":"2014-05-11T01:31:39","modified_gmt":"2014-05-10T22:31:39","slug":"contact-us","status":"publish","type":"page","link":"https:\/\/www.rcg.com.tr\/?page_id=631","title":{"rendered":"\u0130leti\u015fim"},"content":{"rendered":"<ul class=\"g1-grid\"><li class=\"g1-column g1-one-half g1-valign-top\">\n<h2>Neredeyiz?<\/h2>\n<div class=\"g1-gmap-wrapper\">\n<div id=\"g1-gmap-counter-1\" class=\"g1-gmap\" data-g1-gmap-config=\"{ map_type: 'roadmap',invert_lightness: 'none',latitude: '40.984829',longitude: '28.872536',zoom: '15',marker: 'standard',marker_icon: '',type: 'simple' }\" style=\"width: 100%; height: 500px;\">\n<div class=\"g1-gmap-content\" style=\"display: none;\"><\/div><\/div><\/div>\n\n<\/li><!-- -->\n<li class=\"g1-column g1-one-half g1-valign-top\">\n<h2>\u0130leti\u015fim Formu<\/h2>\n\n<div class=\"wpcf7 no-js\" id=\"wpcf7-f2376-o1\" lang=\"tr-TR\" dir=\"ltr\" data-wpcf7-id=\"2376\">\n<div class=\"screen-reader-response\"><p role=\"status\" aria-live=\"polite\" aria-atomic=\"true\"><\/p> <ul><\/ul><\/div>\n<form action=\"\/index.php?rest_route=%2Fwp%2Fv2%2Fpages%2F631#wpcf7-f2376-o1\" method=\"post\" class=\"wpcf7-form init\" aria-label=\"\u0130leti\u015fim Formu\" novalidate=\"novalidate\" data-status=\"init\">\n<div style=\"display: none;\">\n<input type=\"hidden\" name=\"_wpcf7\" value=\"2376\" \/>\n<input type=\"hidden\" name=\"_wpcf7_version\" value=\"6.0.6\" \/>\n<input type=\"hidden\" name=\"_wpcf7_locale\" value=\"tr_TR\" \/>\n<input type=\"hidden\" name=\"_wpcf7_unit_tag\" value=\"wpcf7-f2376-o1\" \/>\n<input type=\"hidden\" name=\"_wpcf7_container_post\" value=\"0\" \/>\n<input type=\"hidden\" name=\"_wpcf7_posted_data_hash\" value=\"\" \/>\n<\/div>\n<p>Ad\u0131n\u0131z (gerekli)\n<\/p>\n<p><span class=\"wpcf7-form-control-wrap\" data-name=\"your-name\"><input size=\"40\" maxlength=\"400\" class=\"wpcf7-form-control wpcf7-text wpcf7-validates-as-required\" aria-required=\"true\" aria-invalid=\"false\" value=\"\" type=\"text\" name=\"your-name\" \/><\/span>\n<\/p>\n<p>Epostan\u0131z (gerekli)\n<\/p>\n<p><span class=\"wpcf7-form-control-wrap\" data-name=\"your-email\"><input size=\"40\" maxlength=\"400\" class=\"wpcf7-form-control wpcf7-email wpcf7-validates-as-required wpcf7-text wpcf7-validates-as-email\" aria-required=\"true\" aria-invalid=\"false\" value=\"\" type=\"email\" name=\"your-email\" \/><\/span>\n<\/p>\n<p>Konu\n<\/p>\n<p><span class=\"wpcf7-form-control-wrap\" data-name=\"your-subject\"><input size=\"40\" maxlength=\"400\" class=\"wpcf7-form-control wpcf7-text\" aria-invalid=\"false\" value=\"\" type=\"text\" name=\"your-subject\" \/><\/span>\n<\/p>\n<p>\u0130letiniz\n<\/p>\n<p><span class=\"wpcf7-form-control-wrap\" data-name=\"your-message\"><textarea cols=\"40\" rows=\"10\" maxlength=\"2000\" class=\"wpcf7-form-control wpcf7-textarea\" aria-invalid=\"false\" name=\"your-message\"><\/textarea><\/span>\n<\/p>\n<p>Do\u011frulama Kodu\n<\/p>\n<p><input type=\"hidden\" name=\"_wpcf7_captcha_challenge_captcha-37\" value=\"61445137\" \/><img loading=\"lazy\" decoding=\"async\" class=\"wpcf7-form-control wpcf7-captchac wpcf7-captcha-captcha-37\" width=\"72\" height=\"24\" alt=\"captcha\" src=\"https:\/\/www.rcg.com.tr\/wp-content\/uploads\/wpcf7_captcha\/61445137.png\" \/><br \/>\n<span class=\"wpcf7-form-control-wrap\" data-name=\"captcha-37\"><input size=\"40\" class=\"wpcf7-form-control wpcf7-captchar\" autocomplete=\"off\" aria-invalid=\"false\" value=\"\" type=\"text\" name=\"captcha-37\" \/><\/span>\n<\/p>\n<p><input class=\"wpcf7-form-control wpcf7-submit has-spinner\" type=\"submit\" value=\"G\u00f6nder\" \/>\n<\/p><div class=\"wpcf7-response-output\" aria-hidden=\"true\"><\/div>\n<\/form>\n<\/div>\n\n<\/li><!-- --><\/ul>\n<div id=\"g1-divider-1\" class=\"g1-divider g1-divider--none g1-divider--noicon \"><\/div>\n<ul class=\"g1-grid\"><li class=\"g1-column g1-one-third g1-valign-top\">\n<ul class=\"g1-grid\"><li class=\"g1-column g1-one-fourth g1-valign-top\">\n<i id=\"icon-1\" class=\"g1-icon g1-icon--solid g1-icon--medium g1-icon--inherit  fa fa-map-marker\"><\/i>\n<\/li><!-- -->\n<li class=\"g1-column g1-three-fourth g1-valign-top\">\n<p><strong>Adres:<\/strong><br \/>\n\u0130ncirli Cad. Ye\u015filadal\u0131 Sok. Erman Ap. B Blok No:2\/7<br \/>\nBak\u0131rk\u00f6y \/ \u0130stanbul<\/p>\n<\/li><!-- --><\/ul>\n<\/li><!-- -->\n<li class=\"g1-column g1-one-third g1-valign-top\">\n<ul class=\"g1-grid\"><li class=\"g1-column g1-one-fourth g1-valign-top\">\n<i id=\"icon-2\" class=\"g1-icon g1-icon--solid g1-icon--medium g1-icon--inherit  fa fa-phone\"><\/i>\n<\/li><!-- -->\n<li class=\"g1-column g1-three-fourth g1-valign-top\">\n<p><strong>Telefon:<\/strong><br \/>\nPBX: (0212) 570 76 45<br \/>\nFAX: (0212) 570 76 47<\/p>\n<\/li><!-- --><\/ul>\n<\/li><!-- -->\n<li class=\"g1-column g1-one-third g1-valign-top\">\n<ul class=\"g1-grid\"><li class=\"g1-column g1-one-fourth g1-valign-top\">\n<i id=\"icon-3\" class=\"g1-icon g1-icon--solid g1-icon--medium g1-icon--inherit  fa fa-envelope-o\"><\/i>\n<\/li><!-- -->\n<li class=\"g1-column g1-three-fourth g1-valign-top\">\n<p><strong>Email:<\/strong><br \/>\n<a href=\"mailto:info@rcg.com.tr\">info@rcg.com.tr<\/a><br \/>\n<a href=\"mailto:info@randiman.com.tr\">info@randiman.com.tr<\/a><\/p>\n<\/li><!-- --><\/ul>\n<\/li><!-- --><\/ul>\n","protected":false},"excerpt":{"rendered":"","protected":false},"author":1,"featured_media":0,"parent":0,"menu_order":0,"comment_status":"closed","ping_status":"closed","template":"","meta":{"footnotes":""},"class_list":{"0":"post-631","1":"page","2":"type-page","3":"status-publish","5":"g1_relation_tag-r-pages-shortcodes-2"},"_links":{"self":[{"href":"https:\/\/www.rcg.com.tr\/index.php?rest_route=\/wp\/v2\/pages\/631"}],"collection":[{"href":"https:\/\/www.rcg.com.tr\/index.php?rest_route=\/wp\/v2\/pages"}],"about":[{"href":"https:\/\/www.rcg.com.tr\/index.php?rest_route=\/wp\/v2\/types\/page"}],"author":[{"embeddable":true,"href":"https:\/\/www.rcg.com.tr\/index.php?rest_route=\/wp\/v2\/users\/1"}],"replies":[{"embeddable":true,"href":"https:\/\/www.rcg.com.tr\/index.php?rest_route=%2Fwp%2Fv2%2Fcomments&post=631"}],"version-history":[{"count":7,"href":"https:\/\/www.rcg.com.tr\/index.php?rest_route=\/wp\/v2\/pages\/631\/revisions"}],"predecessor-version":[{"id":2523,"href":"https:\/\/www.rcg.com.tr\/index.php?rest_route=\/wp\/v2\/pages\/631\/revisions\/2523"}],"wp:attachment":[{"href":"https:\/\/www.rcg.com.tr\/index.php?rest_route=%2Fwp%2Fv2%2Fmedia&parent=631"}],"curies":[{"name":"wp","href":"https:\/\/api.w.org\/{rel}","templated":true}]}}