{"id":3176,"date":"2015-06-23T09:00:53","date_gmt":"2015-06-23T06:00:53","guid":{"rendered":"http:\/\/rcg.com.tr\/?page_id=3176"},"modified":"2015-06-23T09:00:53","modified_gmt":"2015-06-23T06:00:53","slug":"vergi-usul-kanunu-genel-tebligi-sira-no-454-20-06-2015","status":"publish","type":"page","link":"https:\/\/www.rcg.com.tr\/?page_id=3176","title":{"rendered":"Vergi Usul Kanunu Genel Tebli\u011fi (S\u0131ra No: 454) &#8211; 20.06.2015"},"content":{"rendered":"<p><strong>Vergi Usul Kanunu Genel Tebli\u011fi (S\u0131ra No: 454) &#8211; 20.06.2015<\/strong><\/p>\n<table border=\"0\" cellspacing=\"0\" cellpadding=\"0\" align=\"center\">\n<tbody>\n<tr>\n<td>\n<table border=\"0\" width=\"586\" cellspacing=\"0\" cellpadding=\"0\" align=\"center\">\n<tbody>\n<tr>\n<td>20 Haziran 2015 CUMARTES\u0130<\/td>\n<td>\n<p align=\"center\"><strong>Resm\u00ee Gazete<\/strong><\/p>\n<\/td>\n<td>\n<p align=\"right\">Say\u0131 : 29392<\/p>\n<\/td>\n<\/tr>\n<tr>\n<td colspan=\"3\">\n<p align=\"center\"><strong>TEBL\u0130\u011e<\/strong><\/p>\n<\/td>\n<\/tr>\n<tr>\n<td colspan=\"3\">Maliye Bakanl\u0131\u011f\u0131ndan:<\/p>\n<p>VERG\u0130 USUL KANUNU GENEL TEBL\u0130\u011e\u0130<\/p>\n<p>(SIRA NO: 454)<\/p>\n<p><strong>1. Giri\u015f<\/strong><\/p>\n<p>4\/1\/1961 tarihli ve 213 say\u0131l\u0131 Vergi Usul Kanununun m\u00fckerrer 257 ile m\u00fckerrer 242 nci maddelerinin Maliye Bakanl\u0131\u011f\u0131na verdi\u011fi yetkiye istinaden 14\/12\/2012 tarihli ve 28497 say\u0131l\u0131 Resm\u00ee Gazete\u2019de yay\u0131mlanan 421 s\u0131ra numaral\u0131 Vergi Usul Kanunu Genel Tebli\u011fi ile zorunluluk getirilen m\u00fckelleflere ilave olarak elektronik defter tutma ve elektronik fatura (e-fatura) uygulamas\u0131na d\u00e2hil olma zorunlulu\u011fu getirilen m\u00fckelleflerin kapsam\u0131n\u0131n geni\u015fletilmesi ve ihracat i\u015flemlerinde e-Fatura uygulamas\u0131na ili\u015fkin usul ve esaslar bu Tebli\u011fin konusunu olu\u015fturmaktad\u0131r.<\/p>\n<p><strong>2. Elektronik Defter ve Elektronik Fatura Kullanma Zorunlulu\u011fu Getirilen M\u00fckellefler<\/strong><\/p>\n<p>421 s\u0131ra numaral\u0131 Vergi Usul Kanunu Genel Tebli\u011fi ile zorunluluk getirilen m\u00fckelleflere ilave olarak a\u015fa\u011f\u0131da say\u0131lan m\u00fckelleflere elektronik defter tutma ve e-fatura uygulamas\u0131na ge\u00e7me zorunlulu\u011fu getirilmi\u015ftir.<\/p>\n<p>a) 2014 veya m\u00fcteakip hesap d\u00f6nemleri br\u00fct sat\u0131\u015f has\u0131lat\u0131 10 Milyon TL ve \u00fczeri olan m\u00fckellefler.<\/p>\n<p>b) 6\/6\/2002 tarihli ve 4760 say\u0131l\u0131 \u00d6zel T\u00fcketim Vergisi Kanununa ekli I say\u0131l\u0131 listedeki mallar\u0131n imali, ithali, teslimi vb. faaliyetleri nedeniyle Enerji Piyasas\u0131 D\u00fczenleme Kurumu (EPDK)\u2019ndan lisans alan m\u00fckellefler. Bayilik lisans\u0131 olanlar, m\u00fcnhas\u0131ran bu lisansa sahip olmalar\u0131 nedeniyle bu bent kapsam\u0131nda de\u011ferlendirilmeyecektir.<\/p>\n<p>c) \u00d6zel T\u00fcketim Vergisi Kanununa ekli III say\u0131l\u0131 listedeki mallar\u0131 imal, in\u015fa ve ithal eden m\u00fckellefler.<\/p>\n<p>(a) bendindeki \u015fart\u0131, 2014 hesap d\u00f6neminde sa\u011flayan m\u00fckellefler 1\/1\/2016 tarihinden itibaren, 2015 veya m\u00fcteakip hesap d\u00f6nemlerinde sa\u011flayan m\u00fckellefler ise ilgili hesap d\u00f6nemine ili\u015fkin gelir\/kurumlar vergisi beyannamesinin verilece\u011fi tarihi takip eden hesap d\u00f6neminin ba\u015f\u0131ndan itibaren, (b) ve (c) bentlerinde say\u0131lanlardan bu Tebli\u011fin yay\u0131m tarihinden \u00f6nce lisans alan veya m\u00fckellefiyet tesis ettirenler 1\/1\/2016 tarihinden itibaren, bu Tebli\u011fin yay\u0131m tarihinden sonra lisans alan veya m\u00fckellefiyet tesis ettirenler ise, lisans ald\u0131klar\u0131 ya da m\u00fckellefiyet tesis ettirdikleri tarihi izleyen hesap d\u00f6neminin ba\u015f\u0131ndan itibaren elektronik fatura ve elektronik defter uygulamas\u0131na ge\u00e7mek zorundad\u0131r. Bununla birlikte, lisans ya da m\u00fckellefiyet tesis tarihi ile izleyen hesap d\u00f6nemi aras\u0131ndaki s\u00fcrenin \u00fc\u00e7 aydan k\u0131sa olmas\u0131 halinde isteyen m\u00fckellefler bir sonraki hesap d\u00f6neminin ba\u015f\u0131ndan itibaren elektronik defter tutabilecekler ve e-Fatura uygulamas\u0131na ge\u00e7ebileceklerdir.<\/p>\n<p><strong>\u00d6rnek 1:<\/strong>\u00a0(A) A.\u015e. 2015 hesap d\u00f6nemi sonu itibar\u0131yla 10 Milyon TL br\u00fct sat\u0131\u015f has\u0131lat\u0131n\u0131 a\u015fm\u0131\u015ft\u0131r. Bu durumda (A) A.\u015e.\u2019nin 31\/12\/2016 tarihine kadar (bu tarih dahil) gerekli ba\u015fvurular\u0131 yap\u0131p haz\u0131rl\u0131klar\u0131n\u0131 tamamlayarak 1\/1\/2017 tarihinden itibaren elektronik defter tutmak ve e-Fatura uygulamas\u0131na ge\u00e7mek zorundad\u0131r.<\/p>\n<p><strong>\u00d6rnek 2:<\/strong>\u00a01\/7\/XXXX-30\/6\/XXXX \u00f6zel hesap d\u00f6nemine tabi (B) Ltd. \u015eti. 30\/6\/2016 hesap d\u00f6nemi sonu itibar\u0131yla 10 Milyon TL br\u00fct sat\u0131\u015f has\u0131lat\u0131na ula\u015fm\u0131\u015f bulunmaktad\u0131r. Bu durumda (B) Ltd. \u015eti.\u2019nin, 30\/6\/2017 tarihine kadar (bu tarih dahil) gerekli ba\u015fvurular\u0131 yap\u0131p haz\u0131rl\u0131klar\u0131n\u0131 tamamlayarak, kurumlar vergisi beyannamesinin verilece\u011fi tarihi (31\/10\/2016) izleyen \u00f6zel hesap d\u00f6neminin ba\u015flang\u0131c\u0131 olan 1\/7\/2017 tarihinden itibaren elektronik defter tutmak ve e-Fatura uygulamas\u0131na ge\u00e7mek zorundad\u0131r.<\/p>\n<p><strong>\u00d6rnek 3:<\/strong>\u00a0(C) A.\u015e. \u00d6TV I say\u0131l\u0131 listedeki mallara ili\u015fkin teslim faaliyetinde bulunmas\u0131 sebebiyle EPDK\u2019dan 5\/5\/2012 tarihinde lisans alm\u0131\u015ft\u0131r. Buna g\u00f6re, bu Tebli\u011fin yay\u0131m tarihinden \u00f6nce lisans alan (C) A.\u015e.\u2019nin 31\/12\/2015 tarihine kadar (bu tarih dahil) gerekli ba\u015fvurular\u0131 yap\u0131p haz\u0131rl\u0131klar\u0131n\u0131 tamamlayarak 1\/1\/2016 tarihinden itibaren elektronik defter tutmak ve e-Fatura uygulamas\u0131na ge\u00e7mek zorundad\u0131r.<\/p>\n<p><strong>\u00d6rnek 4:<\/strong>\u00a0(E) A.\u015e. ticari faaliyeti ile ilgili olarak 5\/5\/2016 tarihinde ba\u011fl\u0131 bulundu\u011fu vergi dairesine ba\u015fvurarak \u00d6zel T\u00fcketim Vergisi Kanununa ekli III say\u0131l\u0131 listeden dolay\u0131 m\u00fckellefiyet tesis ettirmi\u015ftir. Buna g\u00f6re, bu Tebli\u011fin yay\u0131m tarihinden sonra \u00d6TV III say\u0131l\u0131 listedeki mallar nedeniyle m\u00fckellefiyet tesis ettiren (E) A.\u015e.\u2019nin, e-fatura ve e-defter uygulamas\u0131na ge\u00e7mek i\u00e7in 31\/12\/2016 tarihine kadar (bu tarih dahil) gerekli ba\u015fvurular\u0131 yap\u0131p haz\u0131rl\u0131klar\u0131n\u0131 tamamlayarak 1\/1\/2017 tarihinden itibaren elektronik defter tutmak ve e-Fatura uygulamas\u0131na ge\u00e7mek zorundad\u0131r.<\/p>\n<p><strong>\u00d6rnek 5:<\/strong>\u00a0(F) A.\u015e. ticari faaliyeti ile ilgili olarak 5\/10\/2015 tarihinde ba\u011fl\u0131 bulundu\u011fu vergi dairesine ba\u015fvurarak \u00d6zel T\u00fcketim Vergisi Kanununa ekli III say\u0131l\u0131 listeden dolay\u0131 m\u00fckellefiyet tesis ettirmi\u015ftir. Bu durumda, bu Tebli\u011fin yay\u0131m tarihinden sonra \u00d6TV III say\u0131l\u0131 listedeki mallar nedeniyle m\u00fckellefiyet tesis ettiren (F) A.\u015e., m\u00fckellefiyet tesis tarihi ile izleyen hesap d\u00f6neminin ba\u015flang\u0131c\u0131 olan 1\/1\/2016 tarihi aras\u0131ndaki s\u00fcrenin \u00fc\u00e7 aydan k\u0131sa olmas\u0131 nedeni ile 31\/12\/2015 tarihine kadar (bu tarih dahil) gerekli ba\u015fvurular\u0131 yap\u0131p haz\u0131rl\u0131klar\u0131n\u0131 tamamlayarak 1\/1\/2016 tarihinden itibaren elektronik defter tutup\u00a0\u00a0ve e-Fatura uygulamas\u0131na ge\u00e7ebilece\u011fi gibi; s\u00f6z konusu uygulamalara 31\/12\/2016 tarihine kadar (bu tarih dahil) gerekli ba\u015fvurular\u0131 yap\u0131p haz\u0131rl\u0131klar\u0131n\u0131 tamamlayarak 1\/1\/2017 tarihinden itibaren de ge\u00e7ebilecektir.<\/p>\n<p>10\/12\/2003 tarihli ve 5018 say\u0131l\u0131 Kamu Mal\u00ee Y\u00f6netimi ve Kontrol Kanununa ekli cetvellerde yer alan idare, kurum ve kurulu\u015flar ile iktisadi kamu kurulu\u015flar\u0131n\u0131n bu Tebli\u011f kapsam\u0131nda elektronik fatura uygulamas\u0131na ge\u00e7me ve elektronik defter tutma zorunlulu\u011fu bulunmamaktad\u0131r.<\/p>\n<p>Bu Tebli\u011f kapsam\u0131nda elektronik fatura ve elektronik defter uygulamas\u0131na ge\u00e7me zorunlulu\u011fu getirilen m\u00fckellefler; tam b\u00f6l\u00fcnme, birle\u015fme (devralma \u015feklinde birle\u015fme ve yeni kurulu\u015f \u015feklinde birle\u015fme) veya t\u00fcr (nev\u2019i) de\u011fi\u015fikli\u011fine gitmeleri halinde devrolunan veya birle\u015filen t\u00fczel ki\u015fi m\u00fckellefler ile tam b\u00f6l\u00fcnme veya t\u00fcr (nev\u2019i) de\u011fi\u015fikli\u011fi sonucunda ortaya \u00e7\u0131kan yeni t\u00fczel ki\u015fi m\u00fckellefler de e-Fatura uygulamas\u0131na ge\u00e7mek ve elektronik defter tutmak zorundad\u0131r. Bu durumda uygulamalara ge\u00e7me s\u00fcresi hi\u00e7bir ko\u015fulda i\u015flemin ticaret siciline tescil tarihini izleyen ay\u0131n ba\u015f\u0131ndan itibaren 3 ay\u0131 ge\u00e7emez.<\/p>\n<p><strong>3. \u0130hracat \u0130\u015flemlerinde e-Fatura Uygulamas\u0131<\/strong><\/p>\n<p>e-Fatura uygulamas\u0131na kay\u0131tl\u0131 olan m\u00fckelleflerden, 25\/10\/1984 tarihli ve 3065 say\u0131l\u0131 Katma De\u011fer Vergisi Kanununun 11 inci maddesi kapsam\u0131ndaki mal ihrac\u0131 ve yolcu beraberi e\u015fya ihrac\u0131 (T\u00fcrkiye\u2019de ikamet etmeyenlere KDV hesaplanarak yap\u0131lan sat\u0131\u015flar) kapsam\u0131nda fatura d\u00fczenleyecek olanlar, bahsi ge\u00e7en faturalar\u0131n\u0131 da 1\/1\/2016 tarihinden itibaren e-fatura olarak d\u00fczenleyeceklerdir. S\u00f6z konusu faturalar\u0131n e-fatura olarak d\u00fczenlenmesi ve g\u00f6nderilmesine ili\u015fkin usul ve esaslar ile uygulamadan yararlanma y\u00f6ntemleri www.efatura.gov.tr adresinde yay\u0131mlanan \u201ce-Fatura Uygulamas\u0131 G\u00fcmr\u00fck \u0130\u015flemleri K\u0131lavuzu\u201dnda ayr\u0131nt\u0131l\u0131 olarak a\u00e7\u0131klanacakt\u0131r.<\/p>\n<p>Tebli\u011f olunur.<\/td>\n<\/tr>\n<\/tbody>\n<\/table>\n<\/td>\n<\/tr>\n<\/tbody>\n<\/table>\n","protected":false},"excerpt":{"rendered":"<p>Vergi Usul Kanunu Genel Tebli\u011fi (S\u0131ra No: 454) &#8211; 20.06.2015 20 Haziran 2015 CUMARTES\u0130 Resm\u00ee Gazete Say\u0131 : 29392 TEBL\u0130\u011e Maliye Bakanl\u0131\u011f\u0131ndan: VERG\u0130 USUL KANUNU GENEL TEBL\u0130\u011e\u0130 (SIRA NO: 454) 1. Giri\u015f 4\/1\/1961 tarihli ve 213 say\u0131l\u0131 Vergi Usul Kanununun m\u00fckerrer 257 ile m\u00fckerrer 242 nci maddelerinin Maliye Bakanl\u0131\u011f\u0131na verdi\u011fi yetkiye istinaden 14\/12\/2012 tarihli ve [&hellip;]<\/p>\n","protected":false},"author":5,"featured_media":0,"parent":0,"menu_order":0,"comment_status":"closed","ping_status":"closed","template":"","meta":{"footnotes":""},"class_list":["post-3176","page","type-page","status-publish"],"_links":{"self":[{"href":"https:\/\/www.rcg.com.tr\/index.php?rest_route=\/wp\/v2\/pages\/3176"}],"collection":[{"href":"https:\/\/www.rcg.com.tr\/index.php?rest_route=\/wp\/v2\/pages"}],"about":[{"href":"https:\/\/www.rcg.com.tr\/index.php?rest_route=\/wp\/v2\/types\/page"}],"author":[{"embeddable":true,"href":"https:\/\/www.rcg.com.tr\/index.php?rest_route=\/wp\/v2\/users\/5"}],"replies":[{"embeddable":true,"href":"https:\/\/www.rcg.com.tr\/index.php?rest_route=%2Fwp%2Fv2%2Fcomments&post=3176"}],"version-history":[{"count":1,"href":"https:\/\/www.rcg.com.tr\/index.php?rest_route=\/wp\/v2\/pages\/3176\/revisions"}],"predecessor-version":[{"id":3177,"href":"https:\/\/www.rcg.com.tr\/index.php?rest_route=\/wp\/v2\/pages\/3176\/revisions\/3177"}],"wp:attachment":[{"href":"https:\/\/www.rcg.com.tr\/index.php?rest_route=%2Fwp%2Fv2%2Fmedia&parent=3176"}],"curies":[{"name":"wp","href":"https:\/\/api.w.org\/{rel}","templated":true}]}}