{"id":2833,"date":"2014-05-28T10:47:57","date_gmt":"2014-05-28T07:47:57","guid":{"rendered":"http:\/\/rcg.com.tr\/?page_id=2833"},"modified":"2014-05-30T12:35:29","modified_gmt":"2014-05-30T09:35:29","slug":"kataloglarimiz","status":"publish","type":"page","link":"https:\/\/www.rcg.com.tr\/?page_id=2833","title":{"rendered":"Kataloglar\u0131m\u0131z"},"content":{"rendered":"<p>Online katalo\u011fumuzu <a title=\"Katalog\" href=\"http:\/\/rcg.com.tr\/flash\/katalog\/index.html\">web \u00fczerinden inceleyebilir<\/a> veya daha sonra incelemek i\u00e7in <a title=\"Katalog\" href=\"http:\/\/rcg.com.tr\/pdf\/katalog.pdf\">bilgisayar\u0131n\u0131za indirebilirsiniz.<\/a><\/p>\n<p>Online bro\u015f\u00fcr\u00fcm\u00fcz\u00fc <a title=\"bro\u015f\u00fcr\" href=\"http:\/\/rcg.com.tr\/flash\/brosur\/index.html\">web \u00fczerinden inceleyebilir<\/a> veya daha sonra incelemek i\u00e7in <a title=\"bro\u015f\u00fcr\" href=\"http:\/\/rcg.com.tr\/pdf\/brosur.pdf\">bilgisayar\u0131n\u0131za indirebilirsiniz.<\/a><\/p>\n","protected":false},"excerpt":{"rendered":"<p>Online katalo\u011fumuzu web \u00fczerinden inceleyebilir veya daha sonra incelemek i\u00e7in bilgisayar\u0131n\u0131za indirebilirsiniz. Online bro\u015f\u00fcr\u00fcm\u00fcz\u00fc web \u00fczerinden inceleyebilir veya daha sonra incelemek i\u00e7in bilgisayar\u0131n\u0131za indirebilirsiniz.<\/p>\n","protected":false},"author":1,"featured_media":0,"parent":631,"menu_order":0,"comment_status":"closed","ping_status":"closed","template":"g1_template_page_full.php","meta":{"footnotes":""},"class_list":["post-2833","page","type-page","status-publish"],"_links":{"self":[{"href":"https:\/\/www.rcg.com.tr\/index.php?rest_route=\/wp\/v2\/pages\/2833"}],"collection":[{"href":"https:\/\/www.rcg.com.tr\/index.php?rest_route=\/wp\/v2\/pages"}],"about":[{"href":"https:\/\/www.rcg.com.tr\/index.php?rest_route=\/wp\/v2\/types\/page"}],"author":[{"embeddable":true,"href":"https:\/\/www.rcg.com.tr\/index.php?rest_route=\/wp\/v2\/users\/1"}],"replies":[{"embeddable":true,"href":"https:\/\/www.rcg.com.tr\/index.php?rest_route=%2Fwp%2Fv2%2Fcomments&post=2833"}],"version-history":[{"count":5,"href":"https:\/\/www.rcg.com.tr\/index.php?rest_route=\/wp\/v2\/pages\/2833\/revisions"}],"predecessor-version":[{"id":2895,"href":"https:\/\/www.rcg.com.tr\/index.php?rest_route=\/wp\/v2\/pages\/2833\/revisions\/2895"}],"up":[{"embeddable":true,"href":"https:\/\/www.rcg.com.tr\/index.php?rest_route=\/wp\/v2\/pages\/631"}],"wp:attachment":[{"href":"https:\/\/www.rcg.com.tr\/index.php?rest_route=%2Fwp%2Fv2%2Fmedia&parent=2833"}],"curies":[{"name":"wp","href":"https:\/\/api.w.org\/{rel}","templated":true}]}}