{"id":2688,"date":"2014-05-16T13:31:19","date_gmt":"2014-05-16T10:31:19","guid":{"rendered":"http:\/\/rcg.com.tr\/?page_id=2688"},"modified":"2014-05-19T20:27:24","modified_gmt":"2014-05-19T17:27:24","slug":"i-k","status":"publish","type":"page","link":"https:\/\/www.rcg.com.tr\/?page_id=2688","title":{"rendered":"\u0130nsan Kaynaklar\u0131"},"content":{"rendered":"\n<div class=\"wpcf7 no-js\" id=\"wpcf7-f2768-o1\" lang=\"tr-TR\" dir=\"ltr\" data-wpcf7-id=\"2768\">\n<div class=\"screen-reader-response\"><p role=\"status\" aria-live=\"polite\" aria-atomic=\"true\"><\/p> <ul><\/ul><\/div>\n<form action=\"\/index.php?rest_route=%2Fwp%2Fv2%2Fpages%2F2688#wpcf7-f2768-o1\" method=\"post\" class=\"wpcf7-form init\" aria-label=\"\u0130leti\u015fim Formu\" novalidate=\"novalidate\" data-status=\"init\">\n<div style=\"display: none;\">\n<input type=\"hidden\" name=\"_wpcf7\" value=\"2768\" \/>\n<input type=\"hidden\" name=\"_wpcf7_version\" value=\"6.0.6\" \/>\n<input type=\"hidden\" name=\"_wpcf7_locale\" value=\"tr_TR\" \/>\n<input type=\"hidden\" name=\"_wpcf7_unit_tag\" value=\"wpcf7-f2768-o1\" \/>\n<input type=\"hidden\" name=\"_wpcf7_container_post\" value=\"0\" \/>\n<input type=\"hidden\" name=\"_wpcf7_posted_data_hash\" value=\"\" \/>\n<\/div>\n<p><b>L\u00fctfen Formu Eksiksiz Doldurunuz<\/b>\n<\/p>\n<div style=\"width:200px; float:left;\">\n\t<p>\u0130sim\n\t<\/p>\n<\/div>\n<div style=\" float:left;\">\n\t<p><span class=\"wpcf7-form-control-wrap\" data-name=\"isim\"><input size=\"30\" maxlength=\"400\" class=\"wpcf7-form-control wpcf7-text\" aria-invalid=\"false\" value=\"\" type=\"text\" name=\"isim\" \/><\/span>\n\t<\/p>\n<\/div>\n<div style=\"clear: both;\">\n<\/div>\n<div style=\"width:200px; float:left;\">\n\t<p>Soyisim\n\t<\/p>\n<\/div>\n<div style=\"width:200px; float:left;\">\n\t<p><span class=\"wpcf7-form-control-wrap\" data-name=\"soyisim\"><input size=\"30\" maxlength=\"400\" class=\"wpcf7-form-control wpcf7-text\" aria-invalid=\"false\" value=\"\" type=\"text\" name=\"soyisim\" \/><\/span>\n\t<\/p>\n<\/div>\n<div style=\"clear: both;\">\n<\/div>\n<div style=\"width:200px; float:left;\">\n\t<p>Do\u011fum Yeriniz\n\t<\/p>\n<\/div>\n<div style=\"width:200px; float:left;\">\n\t<p><span class=\"wpcf7-form-control-wrap\" data-name=\"dogum\"><input size=\"30\" maxlength=\"400\" class=\"wpcf7-form-control wpcf7-text\" aria-invalid=\"false\" value=\"\" type=\"text\" name=\"dogum\" \/><\/span>\n\t<\/p>\n<\/div>\n<div style=\"clear: both;\">\n<\/div>\n<div style=\"width:200px; float:left;\">\n\t<p>Do\u011fum Tarihiniz (gg\/aa\/yy)\n\t<\/p>\n<\/div>\n<div style=\"width:200px; float:left;\">\n\t<p><span class=\"wpcf7-form-control-wrap\" data-name=\"dtarih1\"><input size=\"1\" maxlength=\"2\" class=\"wpcf7-form-control wpcf7-text\" aria-invalid=\"false\" value=\"\" type=\"text\" name=\"dtarih1\" \/><\/span><span class=\"wpcf7-form-control-wrap\" data-name=\"dtarih2\"><input size=\"1\" maxlength=\"2\" class=\"wpcf7-form-control wpcf7-text\" aria-invalid=\"false\" value=\"\" type=\"text\" name=\"dtarih2\" \/><\/span><span class=\"wpcf7-form-control-wrap\" data-name=\"dtarih3\"><input size=\"2\" maxlength=\"4\" class=\"wpcf7-form-control wpcf7-text\" aria-invalid=\"false\" value=\"\" type=\"text\" name=\"dtarih3\" \/><\/span>\n\t<\/p>\n<\/div>\n<div style=\"clear: both;\">\n<\/div>\n<div style=\"width:200px; float:left;\">\n\t<p>Uyru\u011funuz\n\t<\/p>\n<\/div>\n<div style=\"width:200px; float:left;\">\n\t<p><span class=\"wpcf7-form-control-wrap\" data-name=\"uyruk\"><input size=\"30\" maxlength=\"400\" class=\"wpcf7-form-control wpcf7-text\" aria-invalid=\"false\" value=\"T.C.\" type=\"text\" name=\"uyruk\" \/><\/span>\n\t<\/p>\n<\/div>\n<div style=\"clear: both;\">\n<\/div>\n<div style=\"width:200px; float:left;\">\n\t<p>Cinsiyetiniz\n\t<\/p>\n<\/div>\n<div style=\"width:200px; float:left;\">\n\t<p><span class=\"wpcf7-form-control-wrap\" data-name=\"cinsiyet\"><span class=\"wpcf7-form-control wpcf7-checkbox wpcf7-exclusive-checkbox\"><span class=\"wpcf7-list-item first\"><input type=\"checkbox\" name=\"cinsiyet\" value=\"Erkek\" \/><span class=\"wpcf7-list-item-label\">Erkek<\/span><\/span><span class=\"wpcf7-list-item last\"><input type=\"checkbox\" name=\"cinsiyet\" value=\"Bayan\" \/><span class=\"wpcf7-list-item-label\">Bayan<\/span><\/span><\/span><\/span>\n\t<\/p>\n<\/div>\n<div style=\"clear: both;\">\n<\/div>\n<div style=\"width:200px; float:left;\">\n\t<p>Askerlik Durumunuz\n\t<\/p>\n<\/div>\n<div style=\"width:200px; float:left;\">\n\t<p><span class=\"wpcf7-form-control-wrap\" data-name=\"askerlik\"><select class=\"wpcf7-form-control wpcf7-select\" aria-invalid=\"false\" name=\"askerlik\"><option value=\"Se\u00e7iniz\">Se\u00e7iniz<\/option><option value=\"Yapm\u0131\u015f\">Yapm\u0131\u015f<\/option><option value=\"Muaf\">Muaf<\/option><option value=\"Tecilli\">Tecilli<\/option><\/select><\/span>\n\t<\/p>\n<\/div>\n<div style=\"clear: both;\">\n<\/div>\n<div style=\"width:200px; float:left;\">\n\t<p>Medeni Durumunuz\n\t<\/p>\n<\/div>\n<div style=\"width:200px; float:left;\">\n\t<p><span class=\"wpcf7-form-control-wrap\" data-name=\"medeni\"><select class=\"wpcf7-form-control wpcf7-select\" aria-invalid=\"false\" name=\"medeni\"><option value=\"Se\u00e7iniz\">Se\u00e7iniz<\/option><option value=\"Evli\">Evli<\/option><option value=\"Bekar\">Bekar<\/option><option value=\"Bo\u015fanm\u0131\u015f\">Bo\u015fanm\u0131\u015f<\/option><\/select><\/span>\n\t<\/p>\n<\/div>\n<div style=\"clear: both;\">\n<\/div>\n<div style=\"width:200px; float:left;\">\n\t<p>Ev Adresiniz\n\t<\/p>\n<\/div>\n<div style=\"width:200px; float:left;\">\n\t<p><span class=\"wpcf7-form-control-wrap\" data-name=\"adres\"><textarea cols=\"40\" rows=\"3\" maxlength=\"2000\" class=\"wpcf7-form-control wpcf7-textarea\" aria-invalid=\"false\" name=\"adres\"><\/textarea><\/span>\n\t<\/p>\n<\/div>\n<div style=\"clear: both;\">\n<\/div>\n<div style=\"width:200px; float:left;\">\n\t<p>Telefonunuz\n\t<\/p>\n<\/div>\n<div style=\"width:200px; float:left;\">\n\t<p><span class=\"wpcf7-form-control-wrap\" data-name=\"telefon\"><input size=\"30\" maxlength=\"400\" class=\"wpcf7-form-control wpcf7-text\" aria-invalid=\"false\" value=\"\" type=\"text\" name=\"telefon\" \/><\/span>\n\t<\/p>\n<\/div>\n<div style=\"clear: both;\">\n<\/div>\n<div style=\"width:200px; float:left;\">\n\t<p>Cep Telefonunuz\n\t<\/p>\n<\/div>\n<div style=\"width:200px; float:left;\">\n\t<p><span class=\"wpcf7-form-control-wrap\" data-name=\"ceptelefon\"><input size=\"30\" maxlength=\"400\" class=\"wpcf7-form-control wpcf7-text\" aria-invalid=\"false\" value=\"\" type=\"text\" name=\"ceptelefon\" \/><\/span>\n\t<\/p>\n<\/div>\n<div style=\"clear: both;\">\n<\/div>\n<div style=\"width:200px; float:left;\">\n\t<p>E-mail Adresiniz\n\t<\/p>\n<\/div>\n<div style=\"width:200px; float:left;\">\n\t<p><span class=\"wpcf7-form-control-wrap\" data-name=\"mail\"><input size=\"30\" maxlength=\"400\" class=\"wpcf7-form-control wpcf7-email wpcf7-text wpcf7-validates-as-email\" aria-invalid=\"false\" value=\"\" type=\"email\" name=\"mail\" \/><\/span>\n\t<\/p>\n<\/div>\n<div style=\"clear: both;\">\n<\/div>\n<p>&nbsp\n<\/p>\n<p><b>E\u011fitim Durumunuz<\/b>\n<\/p>\n<div style=\"clear: both;\">\n<\/div>\n<div style=\"width:200px; float:left;\">\n\t<p>&nbsp\n\t<\/p>\n<\/div>\n<div style=\"width:159px; float:left;\">\n\t<p>Okul Ad\u0131\n\t<\/p>\n<\/div>\n<div style=\"margin-left:10px; width:159px; float:left;\">\n\t<p>Mezun Olunan B\u00f6l\u00fcm\n\t<\/p>\n<\/div>\n<div style=\"clear: both;\">\n<\/div>\n<div style=\"width:200px; float:left;\">\n\t<p>\u00dcniversite\n\t<\/p>\n<\/div>\n<div style=\" float:left;\">\n\t<p><span class=\"wpcf7-form-control-wrap\" data-name=\"mezun1\"><input size=\"20\" maxlength=\"400\" class=\"wpcf7-form-control wpcf7-text\" aria-invalid=\"false\" value=\"\" type=\"text\" name=\"mezun1\" \/><\/span>\n\t<\/p>\n<\/div>\n<div style=\"margin-left:10px; float:left;\">\n\t<p><span class=\"wpcf7-form-control-wrap\" data-name=\"bolum1\"><input size=\"30\" maxlength=\"400\" class=\"wpcf7-form-control wpcf7-text\" aria-invalid=\"false\" value=\"\" type=\"text\" name=\"bolum1\" \/><\/span>\n\t<\/p>\n<\/div>\n<div style=\"clear: both;\">\n<\/div>\n<div style=\"width:200px; float:left;\">\n\t<p>Lise\n\t<\/p>\n<\/div>\n<div style=\" float:left;\">\n\t<p><span class=\"wpcf7-form-control-wrap\" data-name=\"mezun2\"><input size=\"20\" maxlength=\"400\" class=\"wpcf7-form-control wpcf7-text\" aria-invalid=\"false\" value=\"\" type=\"text\" name=\"mezun2\" \/><\/span>\n\t<\/p>\n<\/div>\n<div style=\"margin-left:10px; float:left;\">\n\t<p><span class=\"wpcf7-form-control-wrap\" data-name=\"bolum2\"><input size=\"30\" maxlength=\"400\" class=\"wpcf7-form-control wpcf7-text\" aria-invalid=\"false\" value=\"\" type=\"text\" name=\"bolum2\" \/><\/span>\n\t<\/p>\n<\/div>\n<div style=\"clear: both;\">\n<\/div>\n<div style=\"width:200px; float:left;\">\n\t<p>ilk \u00f6\u011fretim\n\t<\/p>\n<\/div>\n<div style=\" float:left;\">\n\t<p><span class=\"wpcf7-form-control-wrap\" data-name=\"mezun3\"><input size=\"20\" maxlength=\"400\" class=\"wpcf7-form-control wpcf7-text\" aria-invalid=\"false\" value=\"\" type=\"text\" name=\"mezun3\" \/><\/span>\n\t<\/p>\n<\/div>\n<div style=\"margin-left:10px; float:left;\">\n\t<p><span class=\"wpcf7-form-control-wrap\" data-name=\"bolum3\"><input size=\"30\" maxlength=\"400\" class=\"wpcf7-form-control wpcf7-text\" aria-invalid=\"false\" value=\"\" type=\"text\" name=\"bolum3\" \/><\/span>\n\t<\/p>\n<\/div>\n<p>&nbsp\n<\/p>\n<p><b>Bildi\u011finiz Yabanc\u0131 Diller<\/b>\n<\/p>\n<div style=\"width:200px; float:left;\">\n\t<p>Diller\n\t<\/p>\n<\/div>\n<div style=\"width:259px; float:left;\">\n\t<p>&nbsp\n\t<\/p>\n<\/div>\n<div style=\"margin-left:10px; width:159px; float:left;\">\n\t<p>Seviye\n\t<\/p>\n<\/div>\n<div style=\"clear: both;\">\n<\/div>\n<div style=\"width:200px; float:left;\">\n\t<p>\u0130ngilizce\n\t<\/p>\n<\/div>\n<div style=\"width:259px; float:left;\">\n\t<p>&nbsp\n\t<\/p>\n<\/div>\n<div style=\" float:left;\">\n\t<p><span class=\"wpcf7-form-control-wrap\" data-name=\"ingilizce\"><select class=\"wpcf7-form-control wpcf7-select\" aria-invalid=\"false\" name=\"ingilizce\"><option value=\"Se\u00e7iniz\">Se\u00e7iniz<\/option><option value=\"Bilmiyorum\">Bilmiyorum<\/option><option value=\"Az\">Az<\/option><option value=\"Orta\">Orta<\/option><option value=\"\u00c7ok\">\u00c7ok<\/option><\/select><\/span>\n\t<\/p>\n<\/div>\n<div style=\"clear: both;\">\n<\/div>\n<div style=\"width:200px; float:left;\">\n\t<p>Di\u011fer\n\t<\/p>\n<\/div>\n<div style=\" float:left; width:259px;\">\n\t<p><span class=\"wpcf7-form-control-wrap\" data-name=\"d_dil\"><input size=\"35\" maxlength=\"400\" class=\"wpcf7-form-control wpcf7-text\" aria-invalid=\"false\" value=\"\" type=\"text\" name=\"d_dil\" \/><\/span>\n\t<\/p>\n<\/div>\n<div style=\" float:left;\">\n\t<p><span class=\"wpcf7-form-control-wrap\" data-name=\"d_dils\"><select class=\"wpcf7-form-control wpcf7-select\" aria-invalid=\"false\" name=\"d_dils\"><option value=\"Se\u00e7iniz\">Se\u00e7iniz<\/option><option value=\"Bilmiyorum\">Bilmiyorum<\/option><option value=\"Az\">Az<\/option><option value=\"Orta\">Orta<\/option><option value=\"\u00c7ok\">\u00c7ok<\/option><\/select><\/span>\n\t<\/p>\n<\/div>\n<p>&nbsp\n<\/p>\n<p><b>Bildi\u011finiz Bilgisayar Program ve Uygulamalar\u0131<\/b>\n<\/p>\n<div style=\"width:459px; float:left;\">\n\t<p>Program veya uygulaman\u0131n ad\u0131\n\t<\/p>\n<\/div>\n<div style=\"margin-left:10px; width:159px; float:left;\">\n\t<p>Seviye\n\t<\/p>\n<\/div>\n<div style=\"clear: both;\">\n<\/div>\n<div style=\"float:left;\">\n\t<p><span class=\"wpcf7-form-control-wrap\" data-name=\"program_bir\"><input size=\"70\" maxlength=\"400\" class=\"wpcf7-form-control wpcf7-text\" aria-invalid=\"false\" value=\"\" type=\"text\" name=\"program_bir\" \/><\/span>\n\t<\/p>\n<\/div>\n<div style=\" float:left;\">\n\t<p><span class=\"wpcf7-form-control-wrap\" data-name=\"programbirs\"><select class=\"wpcf7-form-control wpcf7-select\" aria-invalid=\"false\" name=\"programbirs\"><option value=\"Se\u00e7iniz\">Se\u00e7iniz<\/option><option value=\"Bilmiyorum\">Bilmiyorum<\/option><option value=\"Az\">Az<\/option><option value=\"Orta\">Orta<\/option><option value=\"\u00c7ok\">\u00c7ok<\/option><\/select><\/span>\n\t<\/p>\n<\/div>\n<div style=\"clear: both;\">\n<\/div>\n<div style=\" float:left;\">\n\t<p><span class=\"wpcf7-form-control-wrap\" data-name=\"programiki\"><input size=\"70\" maxlength=\"400\" class=\"wpcf7-form-control wpcf7-text\" aria-invalid=\"false\" value=\"\" type=\"text\" name=\"programiki\" \/><\/span>\n\t<\/p>\n<\/div>\n<div style=\" float:left;\">\n\t<p><span class=\"wpcf7-form-control-wrap\" data-name=\"programikis\"><select class=\"wpcf7-form-control wpcf7-select\" aria-invalid=\"false\" name=\"programikis\"><option value=\"Se\u00e7iniz\">Se\u00e7iniz<\/option><option value=\"Bilmiyorum\">Bilmiyorum<\/option><option value=\"Az\">Az<\/option><option value=\"Orta\">Orta<\/option><option value=\"\u00c7ok\">\u00c7ok<\/option><\/select><\/span>\n\t<\/p>\n<\/div>\n<div style=\"clear: both;\">\n<\/div>\n<p>&nbsp\n<\/p>\n<div style=\"width:580px; height:auto; float:left;\">\n\t<p><b>Daha \u00f6nce Herhangi Bir Kurum veya Kurulu\u015fta \u00c7al\u0131\u015ft\u0131n\u0131z m\u0131 ?<\/b>\n\t<\/p>\n\t<div style=\"width:159px;float:left;margin-left:5px;\">\n\t\t<p>\u0130\u015fyerinin Ad\u0131\n\t\t<\/p>\n\t<\/div>\n\t<div style=\"width:159px;float:left;margin-left:5px;\">\n\t\t<p>G\u00f6rev ve \u00dcnvan\u0131n\u0131z\n\t\t<\/p>\n\t<\/div>\n\t<div style=\"width:159px;float:left;margin-left:5px;\">\n\t\t<p>\u00c7al\u0131\u015fma D\u00f6neminiz\n\t\t<\/p>\n\t<\/div>\n\t<div style=\"clear: both;\">\n\t<\/div>\n\t<div style=\" float:left; margin-left:5px;\">\n\t\t<p><span class=\"wpcf7-form-control-wrap\" data-name=\"ia1\"><input size=\"20\" maxlength=\"400\" class=\"wpcf7-form-control wpcf7-text\" aria-invalid=\"false\" value=\"\" type=\"text\" name=\"ia1\" \/><\/span>\n\t\t<\/p>\n\t<\/div>\n\t<div style=\" float:left; margin-left:5px;\">\n\t\t<p><span class=\"wpcf7-form-control-wrap\" data-name=\"gvu1\"><input size=\"20\" maxlength=\"400\" class=\"wpcf7-form-control wpcf7-text\" aria-invalid=\"false\" value=\"\" type=\"text\" name=\"gvu1\" \/><\/span>\n\t\t<\/p>\n\t<\/div>\n\t<div style=\" float:left; margin-left:5px;\">\n\t\t<p><span class=\"wpcf7-form-control-wrap\" data-name=\"cd1\"><input size=\"20\" maxlength=\"400\" class=\"wpcf7-form-control wpcf7-text\" aria-invalid=\"false\" value=\"\" type=\"text\" name=\"cd1\" \/><\/span>\n\t\t<\/p>\n\t<\/div>\n\t<div style=\"clear: both;\">\n\t<\/div>\n\t<div style=\" float:left; margin-left:5px;\">\n\t\t<p><span class=\"wpcf7-form-control-wrap\" data-name=\"ia2\"><input size=\"20\" maxlength=\"400\" class=\"wpcf7-form-control wpcf7-text\" aria-invalid=\"false\" value=\"\" type=\"text\" name=\"ia2\" \/><\/span>\n\t\t<\/p>\n\t<\/div>\n\t<div style=\" float:left; margin-left:5px;\">\n\t\t<p><span class=\"wpcf7-form-control-wrap\" data-name=\"gvu2\"><input size=\"20\" maxlength=\"400\" class=\"wpcf7-form-control wpcf7-text\" aria-invalid=\"false\" value=\"\" type=\"text\" name=\"gvu2\" \/><\/span>\n\t\t<\/p>\n\t<\/div>\n\t<div style=\" float:left; margin-left:5px;\">\n\t\t<p><span class=\"wpcf7-form-control-wrap\" data-name=\"cd2\"><input size=\"20\" maxlength=\"400\" class=\"wpcf7-form-control wpcf7-text\" aria-invalid=\"false\" value=\"\" type=\"text\" name=\"cd2\" \/><\/span>\n\t\t<\/p>\n\t<\/div>\n\t<div style=\"clear: both;\">\n\t<\/div>\n\t<div style=\" float:left; margin-left:5px;\">\n\t\t<p><span class=\"wpcf7-form-control-wrap\" data-name=\"ia3\"><input size=\"20\" maxlength=\"400\" class=\"wpcf7-form-control wpcf7-text\" aria-invalid=\"false\" value=\"\" type=\"text\" name=\"ia3\" \/><\/span>\n\t\t<\/p>\n\t<\/div>\n\t<div style=\" float:left; margin-left:5px;\">\n\t\t<p><span class=\"wpcf7-form-control-wrap\" data-name=\"gvu3\"><input size=\"20\" maxlength=\"400\" class=\"wpcf7-form-control wpcf7-text\" aria-invalid=\"false\" value=\"\" type=\"text\" name=\"gvu3\" \/><\/span>\n\t\t<\/p>\n\t<\/div>\n\t<div style=\" float:left; margin-left:5px;\">\n\t\t<p><span class=\"wpcf7-form-control-wrap\" data-name=\"cd3\"><input size=\"20\" maxlength=\"400\" class=\"wpcf7-form-control wpcf7-text\" aria-invalid=\"false\" value=\"\" type=\"text\" name=\"cd3\" \/><\/span>\n\t\t<\/p>\n\t<\/div>\n<\/div>\n<p>&nbsp\n<\/p>\n<div style=\"width:580px; height:auto; float:left; margin-bottom:20px;\">\n\t<p><b>Hakk\u0131n\u0131zda referans verebilecek ki\u015filer<\/b>\n\t<\/p>\n\t<div style=\"width:159px;float:left;margin-left:5px;\">\n\t\t<p>Ad\u0131 ve Soyad\u0131\n\t\t<\/p>\n\t<\/div>\n\t<div style=\"width:159px;float:left;margin-left:5px;\">\n\t\t<p>G\u00f6rev ve \u00dcnvan\u0131\n\t\t<\/p>\n\t<\/div>\n\t<div style=\"width:159px;float:left;margin-left:5px;\">\n\t\t<p>Telefon Numaras\u0131\n\t\t<\/p>\n\t<\/div>\n\t<div style=\"clear: both;\">\n\t<\/div>\n\t<div style=\" float:left; margin-left:5px;\">\n\t\t<p><span class=\"wpcf7-form-control-wrap\" data-name=\"avs1\"><input size=\"20\" maxlength=\"400\" class=\"wpcf7-form-control wpcf7-text\" aria-invalid=\"false\" value=\"\" type=\"text\" name=\"avs1\" \/><\/span>\n\t\t<\/p>\n\t<\/div>\n\t<div style=\" float:left; margin-left:5px;\">\n\t\t<p><span class=\"wpcf7-form-control-wrap\" data-name=\"gvu4\"><input size=\"20\" maxlength=\"400\" class=\"wpcf7-form-control wpcf7-text\" aria-invalid=\"false\" value=\"\" type=\"text\" name=\"gvu4\" \/><\/span>\n\t\t<\/p>\n\t<\/div>\n\t<div style=\" float:left; margin-left:5px;\">\n\t\t<p><span class=\"wpcf7-form-control-wrap\" data-name=\"tn1\"><input size=\"20\" maxlength=\"400\" class=\"wpcf7-form-control wpcf7-text\" aria-invalid=\"false\" value=\"\" type=\"text\" name=\"tn1\" \/><\/span>\n\t\t<\/p>\n\t<\/div>\n\t<div style=\"clear: both;\">\n\t<\/div>\n\t<div style=\" float:left; margin-left:5px;\">\n\t\t<p><span class=\"wpcf7-form-control-wrap\" data-name=\"avs2\"><input size=\"20\" maxlength=\"400\" class=\"wpcf7-form-control wpcf7-text\" aria-invalid=\"false\" value=\"\" type=\"text\" name=\"avs2\" \/><\/span>\n\t\t<\/p>\n\t<\/div>\n\t<div style=\" float:left; margin-left:5px;\">\n\t\t<p><span class=\"wpcf7-form-control-wrap\" data-name=\"gvu5\"><input size=\"20\" maxlength=\"400\" class=\"wpcf7-form-control wpcf7-text\" aria-invalid=\"false\" value=\"\" type=\"text\" name=\"gvu5\" \/><\/span>\n\t\t<\/p>\n\t<\/div>\n\t<div style=\" float:left; margin-left:5px;\">\n\t\t<p><span class=\"wpcf7-form-control-wrap\" data-name=\"tn2\"><input size=\"20\" maxlength=\"400\" class=\"wpcf7-form-control wpcf7-text\" aria-invalid=\"false\" value=\"\" type=\"text\" name=\"tn2\" \/><\/span>\n\t\t<\/p>\n\t<\/div>\n\t<div style=\"clear: both;\">\n\t<\/div>\n\t<div style=\" float:left; margin-left:5px;\">\n\t\t<p><span class=\"wpcf7-form-control-wrap\" data-name=\"avs3\"><input size=\"20\" maxlength=\"400\" class=\"wpcf7-form-control wpcf7-text\" aria-invalid=\"false\" value=\"\" type=\"text\" name=\"avs3\" \/><\/span>\n\t\t<\/p>\n\t<\/div>\n\t<div style=\" float:left; margin-left:5px;\">\n\t\t<p><span class=\"wpcf7-form-control-wrap\" data-name=\"gvu6\"><input size=\"20\" maxlength=\"400\" class=\"wpcf7-form-control wpcf7-text\" aria-invalid=\"false\" value=\"\" type=\"text\" name=\"gvu6\" \/><\/span>\n\t\t<\/p>\n\t<\/div>\n\t<div style=\" float:left; margin-left:5px;\">\n\t\t<p><span class=\"wpcf7-form-control-wrap\" data-name=\"tn3\"><input size=\"20\" maxlength=\"400\" class=\"wpcf7-form-control wpcf7-text\" aria-invalid=\"false\" value=\"\" type=\"text\" name=\"tn3\" \/><\/span>\n\t\t<\/p>\n\t<\/div>\n<\/div>\n<div style=\"font-weight: bold;\">\n\t<p>Ge\u00e7irdi\u011finiz \u00d6nemli Bir Hastal\u0131k veya Ameliyat Var ise Belirtiniz.\n\t<\/p>\n<\/div>\n<div  margin-bottom:10px>\n\t<p><span class=\"wpcf7-form-control-wrap\" data-name=\"hasta\"><textarea cols=\"40\" rows=\"3\" maxlength=\"2000\" class=\"wpcf7-form-control wpcf7-textarea\" aria-invalid=\"false\" name=\"hasta\"><\/textarea><\/span>\n\t<\/p>\n<\/div>\n<div style=\"font-weight: bold; \">\n\t<p>Belirtmek istedi\u011finiz di\u011fer hususlar\n\t<\/p>\n<\/div>\n<div>\n\t<p><span class=\"wpcf7-form-control-wrap\" data-name=\"husus\"><textarea cols=\"40\" rows=\"3\" maxlength=\"2000\" class=\"wpcf7-form-control wpcf7-textarea\" aria-invalid=\"false\" name=\"husus\"><\/textarea><\/span>\n\t<\/p>\n<\/div>\n<p>Do\u011frulama Kodu:<br \/>\n<input type=\"hidden\" name=\"_wpcf7_captcha_challenge_captcha-93\" value=\"732561038\" \/><img loading=\"lazy\" decoding=\"async\" class=\"wpcf7-form-control wpcf7-captchac wpcf7-captcha-captcha-93\" width=\"60\" height=\"20\" alt=\"captcha\" src=\"https:\/\/www.rcg.com.tr\/wp-content\/uploads\/wpcf7_captcha\/732561038.png\" \/><br \/>\n<span class=\"wpcf7-form-control-wrap\" data-name=\"captcha-93\"><input size=\"40\" class=\"wpcf7-form-control wpcf7-captchar\" autocomplete=\"off\" aria-invalid=\"false\" value=\"\" type=\"text\" name=\"captcha-93\" \/><\/span><br \/>\nBu formu g\u00f6ndererek verdi\u011fim bilgilerin do\u011frulu\u011funu teyit ederim. <input class=\"wpcf7-form-control wpcf7-submit has-spinner\" type=\"submit\" value=\"G\u00f6nder\" \/>\n<\/p><div class=\"wpcf7-response-output\" aria-hidden=\"true\"><\/div>\n<\/form>\n<\/div>\n\n","protected":false},"excerpt":{"rendered":"","protected":false},"author":1,"featured_media":0,"parent":0,"menu_order":0,"comment_status":"closed","ping_status":"closed","template":"","meta":{"footnotes":""},"class_list":["post-2688","page","type-page","status-publish"],"_links":{"self":[{"href":"https:\/\/www.rcg.com.tr\/index.php?rest_route=\/wp\/v2\/pages\/2688"}],"collection":[{"href":"https:\/\/www.rcg.com.tr\/index.php?rest_route=\/wp\/v2\/pages"}],"about":[{"href":"https:\/\/www.rcg.com.tr\/index.php?rest_route=\/wp\/v2\/types\/page"}],"author":[{"embeddable":true,"href":"https:\/\/www.rcg.com.tr\/index.php?rest_route=\/wp\/v2\/users\/1"}],"replies":[{"embeddable":true,"href":"https:\/\/www.rcg.com.tr\/index.php?rest_route=%2Fwp%2Fv2%2Fcomments&post=2688"}],"version-history":[{"count":3,"href":"https:\/\/www.rcg.com.tr\/index.php?rest_route=\/wp\/v2\/pages\/2688\/revisions"}],"predecessor-version":[{"id":2770,"href":"https:\/\/www.rcg.com.tr\/index.php?rest_route=\/wp\/v2\/pages\/2688\/revisions\/2770"}],"wp:attachment":[{"href":"https:\/\/www.rcg.com.tr\/index.php?rest_route=%2Fwp%2Fv2%2Fmedia&parent=2688"}],"curies":[{"name":"wp","href":"https:\/\/api.w.org\/{rel}","templated":true}]}}