{"id":2541,"date":"2014-05-11T01:10:31","date_gmt":"2014-05-10T22:10:31","guid":{"rendered":"http:\/\/rcg.com.tr\/?page_id=2541"},"modified":"2014-05-20T13:28:43","modified_gmt":"2014-05-20T10:28:43","slug":"bilgi-paylasimi-yardimlasma-ve-egitim","status":"publish","type":"page","link":"https:\/\/www.rcg.com.tr\/?page_id=2541","title":{"rendered":"Bilgi Payla\u015f\u0131m\u0131, Yard\u0131mla\u015fma ve E\u011fitim"},"content":{"rendered":"<p><strong><span style=\"color: #00abcc;\">rand\u0131man<\/span><span style=\"color: #b2b2b2;\">consulting<\/span><\/strong> ; mevzuattaki geli\u015fmeleri elektronik ortamda \u00e7\u00f6z\u00fcm orta\u011f\u0131 ile sirk\u00fcler \u015feklinde payla\u015f\u0131r, mevzuat ve uzmanl\u0131k konular\u0131nda soru ve sorunlar\u0131 \u00e7\u00f6z\u00fcm orta\u011f\u0131n\u0131n iletmesi durumunda g\u00f6r\u00fc\u015f bildirir. Bu iletilerin yaz\u0131l\u0131 yap\u0131lmas\u0131 tercih nedenidir. \u00e7\u00f6z\u00fcm orta\u011f\u0131n\u0131n talebi halinde soru ve sorunlar\u0131 b\u00fct\u00fcn \u00e7\u00f6z\u00fcm ortaklar\u0131 ile payla\u015f\u0131r.<\/p>\n<ul class=\"g1-grid\"><li class=\"g1-column g1-one-half g1-valign-top\">\n<p>Uzmanl\u0131k alan\u0131 mevzuat ile ilgili g\u00fcncel konularda \u00e7\u00f6z\u00fcm ortaklar\u0131na y\u00f6nelik panel tertip etmek, e\u011fitim semineri d\u00fczenlemek <strong><span style=\"color: #00abcc;\">rand\u0131man<\/span><span style=\"color: #b2b2b2;\">consulting<\/span><\/strong> \u2019in g\u00f6revidir.<\/p>\n<p>Bu konular ile bir araya gelmenin amac\u0131; hem \u00e7\u00f6z\u00fcm ortaklar\u0131n\u0131n uzmanl\u0131k alanlar\u0131nda bilgi d\u00fczeylerini en \u00fcst seviyede tutmak, hem de birbirleriyle diyalo\u011fu olan sosyal bir birlik olu\u015fmas\u0131n\u0131 sa\u011flamakt\u0131r.<\/p>\n<p><strong><span style=\"color: #00abcc;\">rand\u0131man<\/span><span style=\"color: #b2b2b2;\">consulting<\/span><\/strong> \u00e7at\u0131s\u0131nda birle\u015fen bu olu\u015fuma her meslekta\u015f\u0131m\u0131z\u0131 g\u00fc\u00e7 birli\u011fi i\u00e7in davet ediyor, kurumsal geli\u015fimde yeni maddi ve manevi kazan\u00e7lar\u0131 birlikte geli\u015ferek ve b\u00fcy\u00fcyerek elde etmeyi taahh\u00fct ediyoruz..<\/p>\n<\/li><!-- -->\n<li class=\"g1-column g1-one-half g1-valign-top\">\n<p><img loading=\"lazy\" decoding=\"async\" src=\"http:\/\/rcg.com.tr\/wp-content\/uploads\/2014\/05\/bilgipaylasimi.jpg\" alt=\"bilgipaylasimi\" width=\"470\" height=\"270\" class=\"alignnone size-full wp-image-2766\" srcset=\"https:\/\/www.rcg.com.tr\/wp-content\/uploads\/2014\/05\/bilgipaylasimi.jpg 470w, https:\/\/www.rcg.com.tr\/wp-content\/uploads\/2014\/05\/bilgipaylasimi-300x172.jpg 300w, https:\/\/www.rcg.com.tr\/wp-content\/uploads\/2014\/05\/bilgipaylasimi-320x183.jpg 320w, https:\/\/www.rcg.com.tr\/wp-content\/uploads\/2014\/05\/bilgipaylasimi-239x137.jpg 239w\" sizes=\"(max-width: 470px) 100vw, 470px\" \/><\/p>\n<\/li><!-- --><\/ul>\n<h1>bir ad\u0131m \u00f6nde olmak i\u00e7in&#8230;<\/h1>\n","protected":false},"excerpt":{"rendered":"<p>rand\u0131manconsulting ; mevzuattaki geli\u015fmeleri elektronik ortamda \u00e7\u00f6z\u00fcm orta\u011f\u0131 ile sirk\u00fcler \u015feklinde payla\u015f\u0131r, mevzuat ve uzmanl\u0131k konular\u0131nda soru ve sorunlar\u0131 \u00e7\u00f6z\u00fcm orta\u011f\u0131n\u0131n iletmesi durumunda g\u00f6r\u00fc\u015f bildirir. Bu iletilerin yaz\u0131l\u0131 yap\u0131lmas\u0131 tercih nedenidir. \u00e7\u00f6z\u00fcm orta\u011f\u0131n\u0131n talebi halinde soru ve sorunlar\u0131 b\u00fct\u00fcn \u00e7\u00f6z\u00fcm ortaklar\u0131 ile payla\u015f\u0131r. bir ad\u0131m \u00f6nde olmak i\u00e7in&#8230;<\/p>\n","protected":false},"author":1,"featured_media":0,"parent":2533,"menu_order":0,"comment_status":"closed","ping_status":"closed","template":"","meta":{"footnotes":""},"class_list":["post-2541","page","type-page","status-publish"],"_links":{"self":[{"href":"https:\/\/www.rcg.com.tr\/index.php?rest_route=\/wp\/v2\/pages\/2541"}],"collection":[{"href":"https:\/\/www.rcg.com.tr\/index.php?rest_route=\/wp\/v2\/pages"}],"about":[{"href":"https:\/\/www.rcg.com.tr\/index.php?rest_route=\/wp\/v2\/types\/page"}],"author":[{"embeddable":true,"href":"https:\/\/www.rcg.com.tr\/index.php?rest_route=\/wp\/v2\/users\/1"}],"replies":[{"embeddable":true,"href":"https:\/\/www.rcg.com.tr\/index.php?rest_route=%2Fwp%2Fv2%2Fcomments&post=2541"}],"version-history":[{"count":10,"href":"https:\/\/www.rcg.com.tr\/index.php?rest_route=\/wp\/v2\/pages\/2541\/revisions"}],"predecessor-version":[{"id":2798,"href":"https:\/\/www.rcg.com.tr\/index.php?rest_route=\/wp\/v2\/pages\/2541\/revisions\/2798"}],"up":[{"embeddable":true,"href":"https:\/\/www.rcg.com.tr\/index.php?rest_route=\/wp\/v2\/pages\/2533"}],"wp:attachment":[{"href":"https:\/\/www.rcg.com.tr\/index.php?rest_route=%2Fwp%2Fv2%2Fmedia&parent=2541"}],"curies":[{"name":"wp","href":"https:\/\/api.w.org\/{rel}","templated":true}]}}