{"id":2537,"date":"2014-05-11T01:08:07","date_gmt":"2014-05-10T22:08:07","guid":{"rendered":"http:\/\/rcg.com.tr\/?page_id=2537"},"modified":"2014-05-20T13:15:24","modified_gmt":"2014-05-20T10:15:24","slug":"cozum-ortaklari-haklari","status":"publish","type":"page","link":"https:\/\/www.rcg.com.tr\/?page_id=2537","title":{"rendered":"\u00c7\u00f6z\u00fcm Ortaklar\u0131 Haklar\u0131"},"content":{"rendered":"<p><strong><span style=\"color: #00abcc;\">rand\u0131man<\/span><span style=\"color: #b2b2b2;\">consulting<\/span><\/strong> \u2019in;<br \/>\n\n<ul id=\"g1-list-1\" class=\"g1-list--icon g1-list--simple \">\n<li><i class=\"fa fa-check-square g1-list__icon\"><\/i>Markas\u0131n\u0131 kullanmak,<\/li>\n<li><i class=\"fa fa-check-square g1-list__icon\"><\/i>Tabelas\u0131n\u0131 kullanmak,<\/li>\n<li><i class=\"fa fa-check-square g1-list__icon\"><\/i>Her t\u00fcrl\u00fc yaz\u0131\u015fma ka\u011f\u0131d\u0131nda ve kartvizitlerde logosunu kullanmak,<\/li>\n<li><i class=\"fa fa-check-square g1-list__icon\"><\/i>\u0130lgili mevzuatlar\u0131n belirledi\u011fi \u00f6l\u00e7\u00fclerde ortakl\u0131k olu\u015fturmadan ve uzmanl\u0131k alanlar\u0131 dahilinde, geni\u015f anlamda denetim ve dan\u0131\u015fmanl\u0131k i\u015flerini birlikte yapmak,<\/li>\n<li><i class=\"fa fa-check-square g1-list__icon\"><\/i>Sistemin getirdi\u011fi i\u015flerin has\u0131lat\u0131n\u0131 \u00c7\u00f6z\u00fcm Ortakl\u0131\u011f\u0131 S\u00f6zle\u015fmesinde kararla\u015ft\u0131r\u0131lan oranlarda payla\u015fmak,<\/li>\n<\/ul>\n<\/p>\n<p>\u00e7\u00f6z\u00fcm ortaklar\u0131n\u0131n temel haklar\u0131n\u0131 olu\u015fturmaktad\u0131r.<br \/>\n<ul class=\"g1-grid\"><li class=\"g1-column g1-three-fourth g1-valign-top\"><br \/>\nBu bir a\u011f sistemidir ve kurallar ve standartlardan olu\u015fmaktad\u0131r. Y\u00fcksek bilgi ve tecr\u00fcbe payla\u015f\u0131m\u0131, m\u00fc\u015fteri memnuniyeti,g\u00fcven, uzmanl\u0131k, izleme ve kontrol, beklentilerin kar\u015f\u0131lanmas\u0131, etik de\u011ferlere sayg\u0131 kurallar\u0131 olu\u015fturmakta; bu kurallar \u00e7er\u00e7evesinde olu\u015fan ve i\u015fleyen nitelikli sistem  kar\u015f\u0131l\u0131kl\u0131 olarak haklar\u0131n teslim edilmesi esas\u0131na dayanmaktad\u0131r.<br \/>\n<\/li><!-- --><li class=\"g1-column g1-one-fourth g1-valign-top\"><br \/>\n<img loading=\"lazy\" decoding=\"async\" src=\"http:\/\/rcg.com.tr\/wp-content\/uploads\/2014\/05\/cozumortagihaklari.jpg\" alt=\"cozumortagihaklari\" width=\"220\" height=\"180\" class=\"alignnone size-full wp-image-2763\" \/><\/li><!-- --><\/ul><\/p>\n","protected":false},"excerpt":{"rendered":"<p>rand\u0131manconsulting \u2019in; \u00e7\u00f6z\u00fcm ortaklar\u0131n\u0131n temel haklar\u0131n\u0131 olu\u015fturmaktad\u0131r.<\/p>\n","protected":false},"author":1,"featured_media":0,"parent":2533,"menu_order":0,"comment_status":"closed","ping_status":"closed","template":"","meta":{"footnotes":""},"class_list":["post-2537","page","type-page","status-publish"],"_links":{"self":[{"href":"https:\/\/www.rcg.com.tr\/index.php?rest_route=\/wp\/v2\/pages\/2537"}],"collection":[{"href":"https:\/\/www.rcg.com.tr\/index.php?rest_route=\/wp\/v2\/pages"}],"about":[{"href":"https:\/\/www.rcg.com.tr\/index.php?rest_route=\/wp\/v2\/types\/page"}],"author":[{"embeddable":true,"href":"https:\/\/www.rcg.com.tr\/index.php?rest_route=\/wp\/v2\/users\/1"}],"replies":[{"embeddable":true,"href":"https:\/\/www.rcg.com.tr\/index.php?rest_route=%2Fwp%2Fv2%2Fcomments&post=2537"}],"version-history":[{"count":8,"href":"https:\/\/www.rcg.com.tr\/index.php?rest_route=\/wp\/v2\/pages\/2537\/revisions"}],"predecessor-version":[{"id":2796,"href":"https:\/\/www.rcg.com.tr\/index.php?rest_route=\/wp\/v2\/pages\/2537\/revisions\/2796"}],"up":[{"embeddable":true,"href":"https:\/\/www.rcg.com.tr\/index.php?rest_route=\/wp\/v2\/pages\/2533"}],"wp:attachment":[{"href":"https:\/\/www.rcg.com.tr\/index.php?rest_route=%2Fwp%2Fv2%2Fmedia&parent=2537"}],"curies":[{"name":"wp","href":"https:\/\/api.w.org\/{rel}","templated":true}]}}