{"id":2535,"date":"2014-05-11T00:59:43","date_gmt":"2014-05-10T21:59:43","guid":{"rendered":"http:\/\/rcg.com.tr\/?page_id=2535"},"modified":"2014-05-20T13:12:11","modified_gmt":"2014-05-20T10:12:11","slug":"hukuki-duzenleme-mevzuata-uygunluk-ve-etik","status":"publish","type":"page","link":"https:\/\/www.rcg.com.tr\/?page_id=2535","title":{"rendered":"Hukuki D\u00fczenleme, Mevzuata Uygunluk ve Etik"},"content":{"rendered":"<blockquote><p><span style=\"color: #00abcc;\">rand\u0131man<\/span><span style=\"color: #b2b2b2;\">consulting<\/span><\/strong> \u00e7at\u0131s\u0131 alt\u0131nda \u00e7\u00f6z\u00fcm ortakl\u0131\u011f\u0131 olu\u015fturmak, T\u00fcrk Ticaret Kanunu ve Bor\u00e7lar Kanunu \u00e7er\u00e7evesinde tan\u0131mlanan bir ortakl\u0131k de\u011fildir.Bu \u00e7at\u0131, bilgi ve deneyimi payla\u015fmak, kaliteyi art\u0131rmak, kurumsal kimlik kazanmak amac\u0131 ta\u015f\u0131yan bir g\u00fc\u00e7 birli\u011fidir.Gerek <strong><span style=\"color: #00abcc;\">rand\u0131man<\/span><span style=\"color: #b2b2b2;\">consulting<\/span><\/strong> ile \u00e7\u00f6z\u00fcm ortaklar\u0131, gerekse \u00e7\u00f6z\u00fcm ortaklar\u0131n\u0131n kendi aralar\u0131nda ortakl\u0131k ili\u015fkisi olmayacakt\u0131r. Olu\u015fturulan g\u00fc\u00e7 birli\u011fi kooperatif ruhu ile hareket eden, temelde meslek ifas\u0131n\u0131 daha iyi ko\u015fullarda yapmay\u0131 hedef alan ticari olmayan bir olu\u015fumdur.Bu olu\u015fum, haks\u0131z rekabet yapmaz, yasalar ve meslek birlikleri kararlar\u0131na harfiyen uyar.<\/p><\/blockquote>\n<ul class=\"g1-grid\"><li class=\"g1-column g1-two-third g1-valign-top\"><br \/>\nEtik, do\u011fru ile yanl\u0131\u015f\u0131 ay\u0131rarak do\u011fruyu se\u00e7me ve ahlakl\u0131 davranma yoludur. Ahlakl\u0131 davran\u0131\u015f da bireylerin toplum taraf\u0131ndan iyi, g\u00fczel ve do\u011fru kabul ettikleri bir tak\u0131m kurallara uygun davranmakt\u0131r. Mesle\u011fin en \u00f6nemli g\u00f6revlerinden biri ilgili ki\u015filere do\u011fru ve g\u00fcvenilir bilgiler sunmakt\u0131r. Sunulan finansal bilgiler do\u011fru ve g\u00fcvenilir de\u011filse bu bilgileri kullananlar sa\u011fl\u0131kl\u0131 karar alamazlar ve muhasebe sisteminden beklenen fayda sa\u011flanamaz. Mesle\u011fin bilgi sunma i\u015flevi g\u00f6z \u00f6n\u00fcne al\u0131nd\u0131\u011f\u0131nda etik; meslek mensuplar\u0131nca kanunlara ve toplumun de\u011fer yarg\u0131lar\u0131na uygun, g\u00fcvenilir bilgilerin sunulmas\u0131d\u0131r.Bu \u00e7er\u00e7evede, \u00e7\u00f6z\u00fcm ortakl\u0131\u011f\u0131 olu\u015fumu yukar\u0131daki etik tan\u0131m\u0131 d\u0131\u015f\u0131nda asla hareket etmez.<\/p>\n<p>Sistem i\u015f almak amac\u0131yla reklam yapmaz. \u00c7\u00f6z\u00fcm ortaklar\u0131n\u0131n, <span style=\"color: #00abcc;\">rand\u0131man<\/span><span style=\"color: #b2b2b2;\">consulting<\/span><\/strong> olu\u015fumuna dahil oldu\u011funu i\u015faret eden ibareler reklam amac\u0131n\u0131 ta\u015f\u0131maz. G\u00fcn\u00fcm\u00fczde \u00f6rnekleri \u00e7ok yayg\u0131n olan uluslararas\u0131 denetim firmalar\u0131 a\u011f\u0131na dahil olanlar\u0131n yap\u0131s\u0131ndan farkl\u0131l\u0131k g\u00f6stermez. Bu uluslararas\u0131 denetim firmalar\u0131na \u00fcye olup, ortak olmad\u0131klar\u0131 halde logo ve tabelalar\u0131n\u0131 sadece bu olu\u015fuma ait oldu\u011funu g\u00f6steren ve reklam amac\u0131 ta\u015f\u0131mayan \u015fekilde kullanmalar\u0131 ile ayn\u0131 uygulamad\u0131r.<br \/>\n<\/li><!-- -->\n<li class=\"g1-column g1-one-third g1-valign-top\"><br \/>\n<img loading=\"lazy\" decoding=\"async\" class=\"alignnone size-full wp-image-2761\" src=\"http:\/\/rcg.com.tr\/wp-content\/uploads\/2014\/05\/hukukiduzenleme.jpg\" alt=\"hukukiduzenleme\" width=\"300\" height=\"350\" srcset=\"https:\/\/www.rcg.com.tr\/wp-content\/uploads\/2014\/05\/hukukiduzenleme.jpg 300w, https:\/\/www.rcg.com.tr\/wp-content\/uploads\/2014\/05\/hukukiduzenleme-257x300.jpg 257w, https:\/\/www.rcg.com.tr\/wp-content\/uploads\/2014\/05\/hukukiduzenleme-239x278.jpg 239w\" sizes=\"(max-width: 300px) 100vw, 300px\" \/><br \/>\n<\/li><!-- --><\/ul>\n<p>\u00e7\u00f6z\u00fcm ortakl\u0131\u011f\u0131 bir unvan de\u011fildir. Sadece sistemin kendi i\u00e7inde bir tan\u0131mlama \u015feklidir.\u00dc\u00e7\u00fcnc\u00fc ki\u015filere unvan olarak sunulmaz. <span style=\"color: #00abcc;\">rand\u0131man<\/span><span style=\"color: #b2b2b2;\">consulting<\/span><\/strong> tescilli markas\u0131, \u00e7\u00f6z\u00fcm ortaklar\u0131n\u0131n kendi aralar\u0131nda dahil olduklar\u0131 kurumsal kimli\u011fi belirtmek i\u00e7in kullan\u0131l\u0131r.<\/p>\n","protected":false},"excerpt":{"rendered":"<p>rand\u0131manconsulting \u00e7at\u0131s\u0131 alt\u0131nda \u00e7\u00f6z\u00fcm ortakl\u0131\u011f\u0131 olu\u015fturmak, T\u00fcrk Ticaret Kanunu ve Bor\u00e7lar Kanunu \u00e7er\u00e7evesinde tan\u0131mlanan bir ortakl\u0131k de\u011fildir.Bu \u00e7at\u0131, bilgi ve deneyimi payla\u015fmak, kaliteyi art\u0131rmak, kurumsal kimlik kazanmak amac\u0131 ta\u015f\u0131yan bir g\u00fc\u00e7 birli\u011fidir.Gerek rand\u0131manconsulting ile \u00e7\u00f6z\u00fcm ortaklar\u0131, gerekse \u00e7\u00f6z\u00fcm ortaklar\u0131n\u0131n kendi aralar\u0131nda ortakl\u0131k ili\u015fkisi olmayacakt\u0131r. Olu\u015fturulan g\u00fc\u00e7 birli\u011fi kooperatif ruhu ile hareket eden, temelde meslek ifas\u0131n\u0131 [&hellip;]<\/p>\n","protected":false},"author":1,"featured_media":0,"parent":2533,"menu_order":0,"comment_status":"closed","ping_status":"closed","template":"","meta":{"footnotes":""},"class_list":["post-2535","page","type-page","status-publish"],"_links":{"self":[{"href":"https:\/\/www.rcg.com.tr\/index.php?rest_route=\/wp\/v2\/pages\/2535"}],"collection":[{"href":"https:\/\/www.rcg.com.tr\/index.php?rest_route=\/wp\/v2\/pages"}],"about":[{"href":"https:\/\/www.rcg.com.tr\/index.php?rest_route=\/wp\/v2\/types\/page"}],"author":[{"embeddable":true,"href":"https:\/\/www.rcg.com.tr\/index.php?rest_route=\/wp\/v2\/users\/1"}],"replies":[{"embeddable":true,"href":"https:\/\/www.rcg.com.tr\/index.php?rest_route=%2Fwp%2Fv2%2Fcomments&post=2535"}],"version-history":[{"count":18,"href":"https:\/\/www.rcg.com.tr\/index.php?rest_route=\/wp\/v2\/pages\/2535\/revisions"}],"predecessor-version":[{"id":2795,"href":"https:\/\/www.rcg.com.tr\/index.php?rest_route=\/wp\/v2\/pages\/2535\/revisions\/2795"}],"up":[{"embeddable":true,"href":"https:\/\/www.rcg.com.tr\/index.php?rest_route=\/wp\/v2\/pages\/2533"}],"wp:attachment":[{"href":"https:\/\/www.rcg.com.tr\/index.php?rest_route=%2Fwp%2Fv2%2Fmedia&parent=2535"}],"curies":[{"name":"wp","href":"https:\/\/api.w.org\/{rel}","templated":true}]}}