{"id":2533,"date":"2014-05-11T00:58:04","date_gmt":"2014-05-10T21:58:04","guid":{"rendered":"http:\/\/rcg.com.tr\/?page_id=2533"},"modified":"2014-05-20T13:09:13","modified_gmt":"2014-05-20T10:09:13","slug":"cozum-ortakligi-nedir","status":"publish","type":"page","link":"https:\/\/www.rcg.com.tr\/?page_id=2533","title":{"rendered":"\u00c7\u00f6z\u00fcm Ortakl\u0131\u011f\u0131 Nedir?"},"content":{"rendered":"<p><span style=\"color: #00abcc;\">rand\u0131man<\/span><span style=\"color: #b2b2b2;\">consulting<\/span><\/strong> ile \u00e7\u00f6z\u00fcm orta\u011f\u0131 olan T\u00fcrkiye\u2019deki b\u00fct\u00fcn muhasebe ve mali m\u00fc\u015favirlik b\u00fcrolar\u0131;<\/p>\n\n<ul id=\"g1-list-1\" class=\"g1-list--icon g1-list--simple \">\n<li><i class=\"fa fa-check-square g1-list__icon\"><\/i><span style=\"color: #00abcc;\">rand\u0131man<\/span><span style=\"color: #b2b2b2;\">consulting<\/span><\/strong> \u00fcyesi olacak,<\/li>\n<li><i class=\"fa fa-check-square g1-list__icon\"><\/i>Verdikleri hizmet yelpazesini ve \u00e7e\u015fitlili\u011fini bu kurumsal kimlik alt\u0131nda geni\u015fletecek<\/li>\n<li><i class=\"fa fa-check-square g1-list__icon\"><\/i>Mevcut i\u015flerinin kalitesini art\u0131racak, standartlar\u0131 geli\u015ftirecek, yeni i\u015f sahalar\u0131 ile i\u015f alanlar\u0131n\u0131 b\u00fcy\u00fctecek <\/li>\n<li><i class=\"fa fa-check-square g1-list__icon\"><\/i>Kendi i\u015fleri yan\u0131nda i\u015f sahas\u0131na yeni bir kimlik ve kurumsal bir marka ile \u00e7\u0131kacak<\/li>\n<\/ul>\n\n<p>Bu sayede mevcut kazan\u00e7lar\u0131n\u0131 \u00e7ok \u00f6nemli \u00f6l\u00e7\u00fcde art\u0131racaklard\u0131r.<br \/>\n<ul class=\"g1-grid\"><li class=\"g1-column g1-one-fourth g1-valign-top\">\n<p><img loading=\"lazy\" decoding=\"async\" src=\"http:\/\/rcg.com.tr\/wp-content\/uploads\/2014\/05\/cozumortakligi1.jpg\" alt=\"cozumortakligi1\" width=\"220\" height=\"280\" class=\"alignnone size-full wp-image-2758\" \/><\/p>\n<\/li><!-- --><li class=\"g1-column g1-three-fourth g1-valign-top\">\n<p><span style=\"color: #00abcc;\">rand\u0131man<\/span><span style=\"color: #b2b2b2;\">consulting<\/span><\/strong> ; 1995 y\u0131l\u0131ndan bu yana s\u00fcrd\u00fcrd\u00fc\u011f\u00fc profesyonel hizmet ve \u00e7\u00f6z\u00fcmlerini, belirledi\u011fi hedefleri ve kurumsal vizyonu do\u011frultusunda geli\u015ftirerek \u00e7\u00f6z\u00fcm ortaklar\u0131 ile birlikte \u00fclkenin en b\u00fcy\u00fck yerli firmas\u0131 olma yolundad\u0131r.<\/p>\n<p>T\u00fcrkiye\u2019nin denetim ve mali m\u00fc\u015favirlik ekonomisinde belirleyici bir rol oynamak amac\u0131yla \u00e7izdi\u011fi yeni hedefleri do\u011frultusunda, sekt\u00f6rde kurumsal anlamda liderlik i\u00e7in hizmetlerini m\u00fc\u015fterilerine \u00e7\u00f6z\u00fcm ortakl\u0131\u011f\u0131 ile sunmak,<br \/>\n\u00e7\u00f6z\u00fcm ortaklar\u0131 ile birlikte etkili b\u00fcy\u00fcmek, sistemin amac\u0131d\u0131r.<\/p>\n<p>\u00e7\u00f6z\u00fcm ortaklar\u0131 ile birlikte; y\u00fcksek performans, nitelikli hizmet, esnek, h\u0131zl\u0131 ve ihtiyaca y\u00fczde y\u00fcz cevap veren uygun \u00e7\u00f6z\u00fcm ve bunlar\u0131n sonucu olarak ortaya \u00e7\u0131kan m\u00fc\u015fteri memnuniyeti, ilkelerin \u00f6zetini olu\u015fturacak, arkas\u0131nda durdu\u011fu bu ilkeler ile \u00e7\u00f6z\u00fcm ortaklar\u0131n\u0131n pazar pay\u0131n\u0131 art\u0131racak, onlar\u0131 g\u00fc\u00e7lendirecektir.<\/p>\n<\/li><!-- --><\/ul><\/p>\n","protected":false},"excerpt":{"rendered":"<p>rand\u0131manconsulting ile \u00e7\u00f6z\u00fcm orta\u011f\u0131 olan T\u00fcrkiye\u2019deki b\u00fct\u00fcn muhasebe ve mali m\u00fc\u015favirlik b\u00fcrolar\u0131; Bu sayede mevcut kazan\u00e7lar\u0131n\u0131 \u00e7ok \u00f6nemli \u00f6l\u00e7\u00fcde art\u0131racaklard\u0131r.<\/p>\n","protected":false},"author":1,"featured_media":0,"parent":0,"menu_order":0,"comment_status":"closed","ping_status":"closed","template":"","meta":{"footnotes":""},"class_list":["post-2533","page","type-page","status-publish"],"_links":{"self":[{"href":"https:\/\/www.rcg.com.tr\/index.php?rest_route=\/wp\/v2\/pages\/2533"}],"collection":[{"href":"https:\/\/www.rcg.com.tr\/index.php?rest_route=\/wp\/v2\/pages"}],"about":[{"href":"https:\/\/www.rcg.com.tr\/index.php?rest_route=\/wp\/v2\/types\/page"}],"author":[{"embeddable":true,"href":"https:\/\/www.rcg.com.tr\/index.php?rest_route=\/wp\/v2\/users\/1"}],"replies":[{"embeddable":true,"href":"https:\/\/www.rcg.com.tr\/index.php?rest_route=%2Fwp%2Fv2%2Fcomments&post=2533"}],"version-history":[{"count":12,"href":"https:\/\/www.rcg.com.tr\/index.php?rest_route=\/wp\/v2\/pages\/2533\/revisions"}],"predecessor-version":[{"id":2793,"href":"https:\/\/www.rcg.com.tr\/index.php?rest_route=\/wp\/v2\/pages\/2533\/revisions\/2793"}],"wp:attachment":[{"href":"https:\/\/www.rcg.com.tr\/index.php?rest_route=%2Fwp%2Fv2%2Fmedia&parent=2533"}],"curies":[{"name":"wp","href":"https:\/\/api.w.org\/{rel}","templated":true}]}}