{"id":124,"date":"2013-03-05T10:40:12","date_gmt":"2013-03-05T10:40:12","guid":{"rendered":"http:\/\/3clicks.bringthepixel.com\/?page_id=124"},"modified":"2014-09-11T14:04:38","modified_gmt":"2014-09-11T11:04:38","slug":"home","status":"publish","type":"page","link":"https:\/\/www.rcg.com.tr\/","title":{"rendered":"Ana Sayfa"},"content":{"rendered":"<style type=\"text\/css\" scoped=\"scoped\">#g1-section-1.g1-section {background-color: #e6e6e6; background-repeat:no-repeat; background-position:center bottom; background-attachment:static;}<\/style><div id=\"g1-section-1\" class=\"g1-section \"><div class=\"g1-layout-inner\">\n<ul class=\"g1-grid\"><li class=\"g1-column g1-one-third g1-valign-top\">\n<h5>G\u00fcncel Geli\u015fmeler:<\/h5>\n<p>[wpsp]<br \/>\n<style type=\"text\/css\" scoped=\"scoped\">#g1-button-1.g1-button {color: #00abcc; border-color: #00abcc;}<\/style><a id=\"g1-button-1\" class=\"g1-button g1-button--small g1-button--simple g1-button--wide \" href=\"http:\/\/rcg.com.tr\/?page_id=1918\" ><i class=\"fa fa-arrow-right\"><\/i>T\u00fcm g\u00fcncel geli\u015fmeler i\u00e7in t\u0131klay\u0131n\u0131z&#8230;<\/a><br \/>\n<\/li><!-- -->\n<li class=\"g1-column g1-one-third g1-valign-top\">\n<h5>D\u00f6viz Kurlar\u0131:<\/h5>\n<p><script>\/\/ <!&#091;CDATA&#091;\nvar system=\"siteneekle\"; var para_birimleri=\"USD-EUR\"; var arkaplan=\"E6E6E6\"; var baslik=\"FFFFFF\"; var cerceve=\"00AABC\"; var turbaslik=\"999999\"; var kutucuk=\"FFFFFF\"; var fiyat=\"CC3300\"; var genislik=\"220\"; var konum=\"center\"; var yatay=\"1\"; var slide=\"yok\"; var dikey=\"0\"; var paylasim=\"kapali\";\n\/\/ &#093;&#093;><\/script><a id=\"altin_doviz_kuru_ekle\" href=\"http:\/\/www.altin.net.tr\/\" rel=\"nofollow\">alt\u0131n<\/a><script src=\"http:\/\/www.altin.net.tr\/js\/doviz2.js\" charset=\"UTF-8\"><\/script><\/p>\n<\/li><!-- -->\n<li class=\"g1-column g1-one-third g1-valign-top\">\n<h5>Twitter:<\/h5>\n<div class=\"g1-twitter g1-twitter--carousel g1-auth-oauth g1-autoplay-on \">\n\t<ul class=\"g1-twitter__items\">\n\t<\/ul>\n\t<p class=\"g1-twitter__follow\"><a href=\"http:\/\/twitter.com\/RCG_Danismanlik\">Follow @RCG_Danismanlik<\/a><\/p>\n<\/div>\n<\/li><!-- --><\/ul><br \/>\n<\/div><\/div><style type=\"text\/css\" scoped=\"scoped\">#g1-section-2.g1-section {background-color: #00aabc; background-image:url(http:\/\/none); background-repeat:no-repeat; background-position:left top; background-attachment:static; border-width:0px 0; padding-bottom:10px; padding-top:10px;}<\/style><div id=\"g1-section-2\" class=\"g1-section \"><div class=\"g1-layout-inner\">\n<p><a href=\"http:\/\/www.tcmb.gov.tr\"><img loading=\"lazy\" decoding=\"async\" class=\"alignnone size-full wp-image-2910\" src=\"http:\/\/rcg.com.tr\/wp-content\/uploads\/2014\/06\/icotcmb.png\" alt=\"icotcmb\" width=\"70\" height=\"70\" srcset=\"https:\/\/www.rcg.com.tr\/wp-content\/uploads\/2014\/06\/icotcmb.png 70w, https:\/\/www.rcg.com.tr\/wp-content\/uploads\/2014\/06\/icotcmb-55x55.png 55w\" sizes=\"(max-width: 70px) 100vw, 70px\" \/><\/a> <a href=\"http:\/\/www.spk.gov.tr\"><img loading=\"lazy\" decoding=\"async\" class=\"alignnone size-full wp-image-2909\" src=\"http:\/\/rcg.com.tr\/wp-content\/uploads\/2014\/06\/icospk.png\" alt=\"icospk\" width=\"70\" height=\"70\" srcset=\"https:\/\/www.rcg.com.tr\/wp-content\/uploads\/2014\/06\/icospk.png 70w, https:\/\/www.rcg.com.tr\/wp-content\/uploads\/2014\/06\/icospk-55x55.png 55w\" sizes=\"(max-width: 70px) 100vw, 70px\" \/><\/a> <a href=\"http:\/\/www.maliye.gov.tr\"><img loading=\"lazy\" decoding=\"async\" class=\"alignnone size-full wp-image-2908\" src=\"http:\/\/rcg.com.tr\/wp-content\/uploads\/2014\/06\/icomb.png\" alt=\"icomb\" width=\"70\" height=\"70\" srcset=\"https:\/\/www.rcg.com.tr\/wp-content\/uploads\/2014\/06\/icomb.png 70w, https:\/\/www.rcg.com.tr\/wp-content\/uploads\/2014\/06\/icomb-55x55.png 55w\" sizes=\"(max-width: 70px) 100vw, 70px\" \/><\/a> <a href=\"http:\/\/www.kdgm.gov.tr\"><img loading=\"lazy\" decoding=\"async\" class=\"alignnone size-full wp-image-2907\" src=\"http:\/\/rcg.com.tr\/wp-content\/uploads\/2014\/06\/icokgk.png\" alt=\"icokgk\" width=\"70\" height=\"70\" srcset=\"https:\/\/www.rcg.com.tr\/wp-content\/uploads\/2014\/06\/icokgk.png 70w, https:\/\/www.rcg.com.tr\/wp-content\/uploads\/2014\/06\/icokgk-55x55.png 55w\" sizes=\"(max-width: 70px) 100vw, 70px\" \/><\/a> <a href=\"http:\/\/www.epdk.gov.tr\/\"><img loading=\"lazy\" decoding=\"async\" class=\"alignnone size-full wp-image-2905\" src=\"http:\/\/rcg.com.tr\/wp-content\/uploads\/2014\/06\/icoepdk.png\" alt=\"icoepdk\" width=\"70\" height=\"70\" srcset=\"https:\/\/www.rcg.com.tr\/wp-content\/uploads\/2014\/06\/icoepdk.png 70w, https:\/\/www.rcg.com.tr\/wp-content\/uploads\/2014\/06\/icoepdk-55x55.png 55w\" sizes=\"(max-width: 70px) 100vw, 70px\" \/><\/a> <a href=\"http:\/\/www.istanbulymmo.org.tr\/\"><img loading=\"lazy\" decoding=\"async\" class=\"alignnone size-full wp-image-2904\" src=\"http:\/\/rcg.com.tr\/wp-content\/uploads\/2014\/06\/icoymm.png\" alt=\"icoymm\" width=\"70\" height=\"70\" srcset=\"https:\/\/www.rcg.com.tr\/wp-content\/uploads\/2014\/06\/icoymm.png 70w, https:\/\/www.rcg.com.tr\/wp-content\/uploads\/2014\/06\/icoymm-55x55.png 55w\" sizes=\"(max-width: 70px) 100vw, 70px\" \/><\/a> <a href=\"http:\/\/www.gib.gov.tr\"><img loading=\"lazy\" decoding=\"async\" class=\"alignnone size-full wp-image-2906\" src=\"http:\/\/rcg.com.tr\/wp-content\/uploads\/2014\/06\/icogib.png\" alt=\"icogib\" width=\"70\" height=\"70\" srcset=\"https:\/\/www.rcg.com.tr\/wp-content\/uploads\/2014\/06\/icogib.png 70w, https:\/\/www.rcg.com.tr\/wp-content\/uploads\/2014\/06\/icogib-55x55.png 55w\" sizes=\"(max-width: 70px) 100vw, 70px\" \/><\/a> <a href=\"http:\/\/www.turmob.org.tr\"><img loading=\"lazy\" decoding=\"async\" class=\"alignnone size-full wp-image-2911\" src=\"http:\/\/rcg.com.tr\/wp-content\/uploads\/2014\/06\/icoturmob.png\" alt=\"icoturmob\" width=\"70\" height=\"70\" srcset=\"https:\/\/www.rcg.com.tr\/wp-content\/uploads\/2014\/06\/icoturmob.png 70w, https:\/\/www.rcg.com.tr\/wp-content\/uploads\/2014\/06\/icoturmob-55x55.png 55w\" sizes=\"(max-width: 70px) 100vw, 70px\" \/><\/a><\/div><\/div><\/p>\n<div style=\"display: none;\">asd<\/div>\n","protected":false},"excerpt":{"rendered":"<p>asd<\/p>\n","protected":false},"author":1,"featured_media":0,"parent":0,"menu_order":10,"comment_status":"closed","ping_status":"closed","template":"g1_template_page_full_sections.php","meta":{"footnotes":""},"class_list":["post-124","page","type-page","status-publish"],"_links":{"self":[{"href":"https:\/\/www.rcg.com.tr\/index.php?rest_route=\/wp\/v2\/pages\/124"}],"collection":[{"href":"https:\/\/www.rcg.com.tr\/index.php?rest_route=\/wp\/v2\/pages"}],"about":[{"href":"https:\/\/www.rcg.com.tr\/index.php?rest_route=\/wp\/v2\/types\/page"}],"author":[{"embeddable":true,"href":"https:\/\/www.rcg.com.tr\/index.php?rest_route=\/wp\/v2\/users\/1"}],"replies":[{"embeddable":true,"href":"https:\/\/www.rcg.com.tr\/index.php?rest_route=%2Fwp%2Fv2%2Fcomments&post=124"}],"version-history":[{"count":132,"href":"https:\/\/www.rcg.com.tr\/index.php?rest_route=\/wp\/v2\/pages\/124\/revisions"}],"predecessor-version":[{"id":3017,"href":"https:\/\/www.rcg.com.tr\/index.php?rest_route=\/wp\/v2\/pages\/124\/revisions\/3017"}],"wp:attachment":[{"href":"https:\/\/www.rcg.com.tr\/index.php?rest_route=%2Fwp%2Fv2%2Fmedia&parent=124"}],"curies":[{"name":"wp","href":"https:\/\/api.w.org\/{rel}","templated":true}]}}